{"id":1253,"date":"2025-05-06T13:00:46","date_gmt":"2025-05-06T13:00:46","guid":{"rendered":"https:\/\/teste.inidea.pt\/?page_id=1253"},"modified":"2025-05-06T13:01:47","modified_gmt":"2025-05-06T13:01:47","slug":"rectificadores-ac-dc-e-carregadores-de-baterias","status":"publish","type":"page","link":"https:\/\/teste.inidea.pt\/en\/rectificadores-ac-dc-e-carregadores-de-baterias\/","title":{"rendered":"Rectificadores AC\/DC e Carregadores de baterias"},"content":{"rendered":"<div data-elementor-type=\"wp-page\" data-elementor-id=\"1253\" class=\"elementor elementor-1253\" data-elementor-post-type=\"page\">\n\t\t\t\t<div class=\"elementor-element elementor-element-5fb7780 e-con-full e-flex e-con e-parent\" data-id=\"5fb7780\" data-element_type=\"container\" data-e-type=\"container\">\n\t\t\t\t<div class=\"elementor-element elementor-element-1caadca elementor-widget elementor-widget-bixola_portfolio_info\" data-id=\"1caadca\" data-element_type=\"widget\" data-e-type=\"widget\" data-widget_type=\"bixola_portfolio_info.default\">\n\t\t\t\t<div class=\"elementor-widget-container\">\n\t\t\t\t\t\r\n            <section class=\"bixola-el-section portfolio-details\">\r\n                <div class=\"container\">\r\n                    <div class=\"row\">\r\n                        <div class=\"col-xl-12\">\r\n                            <div class=\"portfolio-details__img\">\r\n                                <img decoding=\"async\" src=\"https:\/\/teste.inidea.pt\/wp-content\/uploads\/2025\/05\/Rectificadores-Carregadores-baterias-pagina.webp\" alt=\"\">\r\n                            <\/div>\r\n                        <\/div>\r\n                        <div class=\"portfolio-details__bottom\">\r\n                            <div class=\"row\">\r\n                                <div class=\"col-xl-8 col-lg-7\">\r\n                                    <div class=\"portfolio-details__left\">\r\n                                                                                    <p class=\"portfolio-details__sub-title\">\r\n                                                Rectifiers and Converters                                            <\/p>\r\n                                                                                                                            <h3 class=\"portfolio-details__title\">\r\n                                                Rectificadores AC\/DC e Carregadores de baterias                                            <\/h3>\r\n                                                                                                                            <p class=\"portfolio-details__text-1\">\r\n                                                Uma gama completa de rectificadores para telecomunica\u00e7\u00f5es, incluindo m\u00f3dulos rectificadores e esta\u00e7\u00f5es completas DC em corrente cont\u00ednua, desde os 7,5 at\u00e9 aos 3.000 A para 48 Vdc, com partilha activa de carga, f\u00e1cil paralelo para crescimento em termos de pot\u00eancia e de autonomia, possibilidade de redund\u00e2ncia, com m\u00f3dulos e baterias hot-swap e hot plug-in, com elevadas capacidades de comunica\u00e7\u00e3o e possibilidade de executar configura\u00e7\u00f5es \u00e0 medida, atrav\u00e9s do fabrico e assemblagem espec\u00edfica, de acordo com cada cliente.  Est\u00e1 tamb\u00e9m dispon\u00edvel uma gama completa de rectificadores industriais, monof\u00e1sicos e trif\u00e1sicos, com diferentes tipos de arm\u00e1rios e diversos n\u00edveis de tens\u00e3o, 24 \/ 48 \/ 60 \/ 120 Vdc, controlados por microprocessador e para qualquer corrente de sa\u00edda, com uma total versatilidade.  Os rectificadores encontram-se tamb\u00e9m j\u00e1 preparados para funcionar com baterias acopladas, mantendo as mesmas \u00e0 carga, funcionando assim como carregadores de baterias, estando tamb\u00e9m acess\u00edvel uma gama completa e espec\u00edfica de carregadores de baterias, utilizados s\u00f3 para esse efeito.                                            <\/p>\r\n                                                                                                                            <p class=\"portfolio-details__text-2\">\r\n                                                <a href=\"https:\/\/www.ctel.pt\/orcamentos\"> Solicitar Or\u00e7amento <\/a>                                            <\/p>\r\n                                                                                <div class=\"portfolio-details__pagination-box\">\r\n                                            <ul class=\"portfolio-details__pagination list-unstyled clearfix\">\r\n                                                                                                                                            <\/ul>\r\n                                        <\/div>\r\n                                    <\/div>\r\n                                <\/div>\r\n                                <div class=\"col-xl-4 col-lg-5\">\r\n                                    <div class=\"portfolio-details__right\">\r\n                                        <div class=\"portfolio-details__information-box\">\r\n                                                                                        <ul class=\"portfolio-details__information list-unstyled\">\r\n                                                                                                                                                                                                <\/ul>\r\n                                        <\/div>\r\n                                    <\/div>\r\n                                <\/div>\r\n                            <\/div>\r\n                        <\/div>\r\n                    <\/div>\r\n                <\/div>\r\n            <\/section>\r\n\r\n        \t\t\t\t<\/div>\n\t\t\t\t<\/div>\n\t\t\t\t<\/div>\n\t\t<div class=\"elementor-element elementor-element-aff0fd1 e-flex e-con-boxed e-con e-parent\" data-id=\"aff0fd1\" data-element_type=\"container\" data-e-type=\"container\">\n\t\t\t\t\t<div class=\"e-con-inner\">\n\t\t<div class=\"elementor-element elementor-element-3cc829bd e-flex e-con-boxed e-con e-child\" data-id=\"3cc829bd\" data-element_type=\"container\" data-e-type=\"container\">\n\t\t\t\t\t<div class=\"e-con-inner\">\n\t\t\t\t<div class=\"elementor-element elementor-element-68d35c9a elementor-widget elementor-widget-bixola_heading\" data-id=\"68d35c9a\" data-element_type=\"widget\" data-e-type=\"widget\" data-widget_type=\"bixola_heading.default\">\n\t\t\t\t<div class=\"elementor-widget-container\">\n\t\t\t\t\t\r\n        \r\n            <div class=\"bixola-el-section section-title\">\r\n                                <h2 class=\"bixola-el-title section-title__title\">Outros Produtos<\/h2>            <\/div>\r\n\r\n        \r\n        \t\t\t\t<\/div>\n\t\t\t\t<\/div>\n\t\t\t\t\t<\/div>\n\t\t\t\t<\/div>\n\t\t<div class=\"elementor-element elementor-element-7af7c2ae e-flex e-con-boxed e-con e-child\" data-id=\"7af7c2ae\" data-element_type=\"container\" data-e-type=\"container\">\n\t\t\t\t\t<div class=\"e-con-inner\">\n\t\t<div class=\"elementor-element elementor-element-3275fc6b e-flex e-con-boxed e-con e-child\" data-id=\"3275fc6b\" data-element_type=\"container\" data-e-type=\"container\">\n\t\t\t\t\t<div class=\"e-con-inner\">\n\t\t\t\t<div class=\"elementor-element elementor-element-228e810f elementor-widget elementor-widget-bixola_portfolio\" data-id=\"228e810f\" data-element_type=\"widget\" data-e-type=\"widget\" data-widget_type=\"bixola_portfolio.default\">\n\t\t\t\t<div class=\"elementor-widget-container\">\n\t\t\t\t\t\r\n            \r\n                <div class=\"bixola-el-section portfolio-three__single\">\r\n                    <div class=\"portfolio-three__img-box\">\r\n                        <div class=\"portfolio-three__img\">\r\n                            <img decoding=\"async\" src=\"https:\/\/teste.inidea.pt\/wp-content\/uploads\/2025\/05\/Trifasica.webp\" alt=\"\">\r\n                        <\/div>\r\n                    <\/div>\r\n                    <div class=\"portfolio-three__content\">\r\n                        <p class=\"portfolio-three__sub-title\">\r\n                            View Details                        <\/p>\r\n                        <h3 class=\"portfolio-three__title\">\r\n                            <a href=\"https:\/\/teste.inidea.pt\/en\/trifasica\/\" target=\"_self\" rel=\"nofollow\">\r\n                                Trif\u00e1sica                            <\/a>\r\n                        <\/h3>\r\n                    <\/div>\r\n                <\/div>\r\n\r\n            \r\n\t\t\t\t\t\t<\/div>\n\t\t\t\t<\/div>\n\t\t\t\t\t<\/div>\n\t\t\t\t<\/div>\n\t\t<div class=\"elementor-element elementor-element-a4d0fb5 e-flex e-con-boxed e-con e-child\" data-id=\"a4d0fb5\" data-element_type=\"container\" data-e-type=\"container\">\n\t\t\t\t\t<div class=\"e-con-inner\">\n\t\t\t\t<div class=\"elementor-element elementor-element-7aa05035 elementor-widget elementor-widget-bixola_portfolio\" data-id=\"7aa05035\" data-element_type=\"widget\" data-e-type=\"widget\" data-widget_type=\"bixola_portfolio.default\">\n\t\t\t\t<div class=\"elementor-widget-container\">\n\t\t\t\t\t\r\n            \r\n                <div class=\"bixola-el-section portfolio-three__single\">\r\n                    <div class=\"portfolio-three__img-box\">\r\n                        <div class=\"portfolio-three__img\">\r\n                            <img decoding=\"async\" src=\"https:\/\/teste.inidea.pt\/wp-content\/uploads\/2025\/05\/monofasica.webp\" alt=\"monof\u00e1sica\">\r\n                        <\/div>\r\n                    <\/div>\r\n                    <div class=\"portfolio-three__content\">\r\n                        <p class=\"portfolio-three__sub-title\">\r\n                            View Details                        <\/p>\r\n                        <h3 class=\"portfolio-three__title\">\r\n                            <a href=\"https:\/\/teste.inidea.pt\/en\/trifasica-monofasica-2\/\" target=\"_self\" rel=\"nofollow\">\r\n                                Monof\u00e1sica                            <\/a>\r\n                        <\/h3>\r\n                    <\/div>\r\n                <\/div>\r\n\r\n            \r\n\t\t\t\t\t\t<\/div>\n\t\t\t\t<\/div>\n\t\t\t\t\t<\/div>\n\t\t\t\t<\/div>\n\t\t<div class=\"elementor-element elementor-element-8b20993 e-flex e-con-boxed e-con e-child\" data-id=\"8b20993\" data-element_type=\"container\" data-e-type=\"container\">\n\t\t\t\t\t<div class=\"e-con-inner\">\n\t\t\t\t<div class=\"elementor-element elementor-element-31ab7057 elementor-widget elementor-widget-bixola_portfolio\" data-id=\"31ab7057\" data-element_type=\"widget\" data-e-type=\"widget\" data-widget_type=\"bixola_portfolio.default\">\n\t\t\t\t<div class=\"elementor-widget-container\">\n\t\t\t\t\t\r\n            \r\n                <div class=\"bixola-el-section portfolio-three__single\">\r\n                    <div class=\"portfolio-three__img-box\">\r\n                        <div class=\"portfolio-three__img\">\r\n                            <img decoding=\"async\" src=\"https:\/\/teste.inidea.pt\/wp-content\/uploads\/2025\/05\/Trifasica-monofasica.webp\" alt=\"\">\r\n                        <\/div>\r\n                    <\/div>\r\n                    <div class=\"portfolio-three__content\">\r\n                        <p class=\"portfolio-three__sub-title\">\r\n                            View Details                        <\/p>\r\n                        <h3 class=\"portfolio-three__title\">\r\n                            <a href=\"https:\/\/teste.inidea.pt\/en\/trifasica-monofasica-2\/\" target=\"_self\" rel=\"nofollow\">\r\n                                Trif\u00e1sica\/Monof\u00e1sica                            <\/a>\r\n                        <\/h3>\r\n                    <\/div>\r\n                <\/div>\r\n\r\n            \r\n\t\t\t\t\t\t<\/div>\n\t\t\t\t<\/div>\n\t\t\t\t\t<\/div>\n\t\t\t\t<\/div>\n\t\t\t\t\t<\/div>\n\t\t\t\t<\/div>\n\t\t\t\t\t<\/div>\n\t\t\t\t<\/div>\n\t\t\t\t<\/div>","protected":false},"excerpt":{"rendered":"<p>Retificadores e Conversores Rectificadores AC\/DC e Carregadores de baterias Uma gama completa de rectificadores para telecomunica\u00e7\u00f5es, incluindo m\u00f3dulos rectificadores e esta\u00e7\u00f5es completas DC em corrente cont\u00ednua, desde os 7,5 at\u00e9 aos 3.000 A para 48 Vdc, com partilha activa de carga, f\u00e1cil paralelo para crescimento em termos de pot\u00eancia e de autonomia, possibilidade de redund\u00e2ncia, [&hellip;]<\/p>\n","protected":false},"author":1,"featured_media":0,"parent":0,"menu_order":0,"comment_status":"closed","ping_status":"closed","template":"","meta":{"footnotes":""},"class_list":["post-1253","page","type-page","status-publish","hentry"],"_links":{"self":[{"href":"https:\/\/teste.inidea.pt\/en\/wp-json\/wp\/v2\/pages\/1253","targetHints":{"allow":["GET"]}}],"collection":[{"href":"https:\/\/teste.inidea.pt\/en\/wp-json\/wp\/v2\/pages"}],"about":[{"href":"https:\/\/teste.inidea.pt\/en\/wp-json\/wp\/v2\/types\/page"}],"author":[{"embeddable":true,"href":"https:\/\/teste.inidea.pt\/en\/wp-json\/wp\/v2\/users\/1"}],"replies":[{"embeddable":true,"href":"https:\/\/teste.inidea.pt\/en\/wp-json\/wp\/v2\/comments?post=1253"}],"version-history":[{"count":4,"href":"https:\/\/teste.inidea.pt\/en\/wp-json\/wp\/v2\/pages\/1253\/revisions"}],"predecessor-version":[{"id":1258,"href":"https:\/\/teste.inidea.pt\/en\/wp-json\/wp\/v2\/pages\/1253\/revisions\/1258"}],"wp:attachment":[{"href":"https:\/\/teste.inidea.pt\/en\/wp-json\/wp\/v2\/media?parent=1253"}],"curies":[{"name":"wp","href":"https:\/\/api.w.org\/{rel}","templated":true}]}}