{"id":1021,"date":"2025-05-01T15:37:48","date_gmt":"2025-05-01T15:37:48","guid":{"rendered":"https:\/\/teste.inidea.pt\/?page_id=1021"},"modified":"2025-05-01T15:43:08","modified_gmt":"2025-05-01T15:43:08","slug":"fru-i-t-partner-program","status":"publish","type":"page","link":"https:\/\/teste.inidea.pt\/pt_pt\/fru-i-t-partner-program\/","title":{"rendered":"Fru I.T Partner Program"},"content":{"rendered":"\t\t<div data-elementor-type=\"wp-page\" data-elementor-id=\"1021\" class=\"elementor elementor-1021\" data-elementor-post-type=\"page\">\n\t\t\t\t<div class=\"elementor-element elementor-element-76bea3b e-con-full e-flex e-con e-parent\" data-id=\"76bea3b\" data-element_type=\"container\" data-e-type=\"container\">\n\t\t\t\t<div class=\"elementor-element elementor-element-0932364 elementor-widget elementor-widget-bixola_why_choose_us\" data-id=\"0932364\" data-element_type=\"widget\" data-e-type=\"widget\" data-widget_type=\"bixola_why_choose_us.default\">\n\t\t\t\t<div class=\"elementor-widget-container\">\n\t\t\t\t\t\r\n        \r\n            <section class=\"bixola-el-section why-choose-one\">\r\n                                <div class=\"container\">\r\n                    <div class=\"row\">\r\n                        <div class=\"col-xl-6\">\r\n                            <div class=\"why-choose-one__left\">\r\n                                <div class=\"section-title text-left\">\r\n                                                                            <div class=\"section-title__tagline-box\">\r\n                                            <p class=\"bixola-el-section-subheading section-title__tagline\">\r\n                                                FRU I.T. PARTNER PROGRAM                                            <\/p>\r\n                                        <\/div>\r\n                                                                                                        <\/div>\r\n                                                                    <p class=\"bixola-el-section-description why-choose-one__text\">\r\n                                        Programa espec\u00edfico de ades\u00e3o para Revendedores Inform\u00e1ticos\/El\u00e9tricos (sector TI e el\u00e9trico)\nQualquer revendedor inform\u00e1tico\/el\u00e9trico pode usufruir das in\u00fameras vantagens deste programa, que est\u00e1 integralmente ao seu dispor.                                    <\/p>\r\n                                                                <ul class=\"why-choose-one__points list-unstyled\">\r\n                                                                        <li>\r\n                                                                                    <div class=\"icon\">\r\n                                                <span aria-hidden=\"true\" class=\" \"><\/span>                                            <\/div>\r\n                                                                                <div class=\"content\">\r\n                                                                                            <h3>Caracter\u00edstica principal do programa<\/h3>\r\n                                                                                                                                        <p>Comercializa\u00e7\u00e3o e assist\u00eancia t\u00e9cnica totalmente  dedicada \u00e0 rede de distribuidores e parceiros, garantindo-se sempre a protec\u00e7\u00e3o do cliente final de cada revendedor, n\u00e3o havendo nunca lugar \u00e0 tentativa de venda directa, ultrapassando o parceiro em causa.<\/p>\r\n                                                                                    <\/div>\r\n                                    <\/li>\r\n                                                                        <li>\r\n                                                                                    <div class=\"icon\">\r\n                                                <span aria-hidden=\"true\" class=\" \"><\/span>                                            <\/div>\r\n                                                                                <div class=\"content\">\r\n                                                                                            <h3>Vantagens:<\/h3>\r\n                                                                                                                                        <p>Gama completa para qualquer aplica\u00e7\u00e3o, com todas as tecnologias poss\u00edveis, extras, acess\u00f3rios e opcionais;<br>\nEquipamentos sempre dispon\u00edveis e em stock;<br>\nRapidez nas entregas e em toda a log\u00edstica associada;<br>\nInstala\u00e7\u00e3o das m\u00e1quinas de maior pot\u00eancia, mediante solicita\u00e7\u00e3o do revendedor;<br>\nPre\u00e7os competitivos e boas margens;\nEsquema de incentivos;<br>\nFacilidades de pagamento;<br>\nMaterial diverso para promo\u00e7\u00e3o, vendas e marketing;<br>\nCat\u00e1logos, flyers, posters, expositores de canto e de balc\u00e3o, etc<br>\nTreino e suporte assegurados;<\/p>\r\n                                                                                    <\/div>\r\n                                    <\/li>\r\n                                                                        <li>\r\n                                                                                    <div class=\"icon\">\r\n                                                <span aria-hidden=\"true\" class=\" \"><\/span>                                            <\/div>\r\n                                                                                <div class=\"content\">\r\n                                                                                            <h3>Blue Service:<\/h3>\r\n                                                                                                                                        <p>Blue Service \u00e9 o servi\u00e7o de assist\u00eancia t\u00e9cnica para dealer inform\u00e1tico, dealer el\u00e9trico e dealer SAT com uma linha de assist\u00eancia t\u00e9cnica dedicada, totalmente direccionada para o revendedor inform\u00e1tico e revendedor el\u00e9trico, com acompanhamento personalizado e substitui\u00e7\u00e3o\/repara\u00e7\u00e3o do equipamento, no caso de avaria, ao abrigo da garantia. Traduz-se por um acompanhamento t\u00e9cnico personalizado, da nossa parte, ao revendedor e seu cliente, garantindo uma substitui\u00e7\u00e3o r\u00e1pida e eficaz e um tempo de espera m\u00ednimo, para a resolu\u00e7\u00e3o de eventuais problemas t\u00e9cnicos.<\/p>\r\n                                                                                    <\/div>\r\n                                    <\/li>\r\n                                                                    <\/ul>\r\n                                <div class=\"why-choose-one__btn-box\">\r\n                                    <a href=\"https:\/\/teste.inidea.pt\/pt_pt\/contactos\/\" target=\"_self\" rel=\"nofollow\" class=\"bixola-el-btn why-choose-one__btn thm-btn\">\r\n                                        Solicitar Informa\u00e7\u00e3o                                    <\/a>\r\n                                <\/div>\r\n                            <\/div>\r\n                        <\/div>\r\n                        <div class=\"col-xl-6\">\r\n                            <div class=\"why-choose-one__right\">\r\n                                <div class=\"why-choose-one__img wow slideInRight\" data-wow-delay=\"100ms\" data-wow-duration=\"2500ms\">\r\n                                                                        <img decoding=\"async\" src=\"https:\/\/teste.inidea.pt\/wp-content\/uploads\/2025\/05\/img55a3c5445cbe3.jpg\" alt=\"\">\r\n                                <\/div>\r\n                            <\/div>\r\n                        <\/div>\r\n                    <\/div>\r\n                <\/div>\r\n            <\/section>\r\n\r\n        \t\t\t\t<\/div>\n\t\t\t\t<\/div>\n\t\t\t\t<\/div>\n\t\t<div class=\"elementor-element elementor-element-29e8a96 e-con-full e-flex e-con e-parent\" data-id=\"29e8a96\" data-element_type=\"container\" data-e-type=\"container\">\n\t\t\t\t<div class=\"elementor-element elementor-element-9803e3e elementor-widget elementor-widget-bixola_brand_slider\" data-id=\"9803e3e\" data-element_type=\"widget\" data-e-type=\"widget\" data-widget_type=\"bixola_brand_slider.default\">\n\t\t\t\t<div class=\"elementor-widget-container\">\n\t\t\t\t\t\r\n        \r\n            <section class=\"brand-one brand-three\">\r\n                <div class=\"container\">\r\n                    <div class=\"brand-one__inner\">\r\n                        <div class=\"brand-one__carousel thm-owl__carousel owl-theme owl-carousel\">\r\n                                                        <div class=\"brand-one__single\">\r\n                                <div class=\"brand-one__img\">\r\n                                    <img decoding=\"async\" src=\"https:\/\/teste.inidea.pt\/wp-content\/uploads\/2025\/04\/ct-energy.webp\" alt=\"\">\r\n                                <\/div>\r\n                            <\/div>\r\n                                                        <div class=\"brand-one__single\">\r\n                                <div class=\"brand-one__img\">\r\n                                    <img decoding=\"async\" src=\"https:\/\/teste.inidea.pt\/wp-content\/uploads\/2025\/04\/tecnotrafo.webp\" alt=\"\">\r\n                                <\/div>\r\n                            <\/div>\r\n                                                        <div class=\"brand-one__single\">\r\n                                <div class=\"brand-one__img\">\r\n                                    <img decoding=\"async\" src=\"https:\/\/teste.inidea.pt\/wp-content\/uploads\/2025\/04\/brand-1-1placeholder-copiar.webp\" alt=\"\">\r\n                                <\/div>\r\n                            <\/div>\r\n                                                        <div class=\"brand-one__single\">\r\n                                <div class=\"brand-one__img\">\r\n                                    <img decoding=\"async\" src=\"https:\/\/teste.inidea.pt\/wp-content\/uploads\/2025\/04\/city-power.webp\" alt=\"\">\r\n                                <\/div>\r\n                            <\/div>\r\n                                                        <div class=\"brand-one__single\">\r\n                                <div class=\"brand-one__img\">\r\n                                    <img decoding=\"async\" src=\"https:\/\/teste.inidea.pt\/wp-content\/uploads\/2025\/04\/fmt-group.webp\" alt=\"\">\r\n                                <\/div>\r\n                            <\/div>\r\n                                                    <\/div>\r\n                    <\/div>\r\n                <\/div>\r\n            <\/section>\r\n\r\n        \t\t\t\t<\/div>\n\t\t\t\t<\/div>\n\t\t\t\t<\/div>\n\t\t\t\t<\/div>\n\t\t","protected":false},"excerpt":{"rendered":"<p>FRU I.T. PARTNER PROGRAM Programa espec\u00edfico de ades\u00e3o para Revendedores Inform\u00e1ticos\/El\u00e9tricos (sector TI e el\u00e9trico) Qualquer revendedor inform\u00e1tico\/el\u00e9trico pode usufruir das in\u00fameras vantagens deste programa, que est\u00e1 integralmente ao seu dispor. Caracter\u00edstica principal do programa Comercializa\u00e7\u00e3o e assist\u00eancia t\u00e9cnica totalmente dedicada \u00e0 rede de distribuidores e parceiros, garantindo-se sempre a protec\u00e7\u00e3o do cliente final de [&hellip;]<\/p>\n","protected":false},"author":1,"featured_media":0,"parent":0,"menu_order":0,"comment_status":"closed","ping_status":"closed","template":"elementor_header_footer","meta":{"footnotes":""},"class_list":["post-1021","page","type-page","status-publish","hentry"],"_links":{"self":[{"href":"https:\/\/teste.inidea.pt\/pt_pt\/wp-json\/wp\/v2\/pages\/1021","targetHints":{"allow":["GET"]}}],"collection":[{"href":"https:\/\/teste.inidea.pt\/pt_pt\/wp-json\/wp\/v2\/pages"}],"about":[{"href":"https:\/\/teste.inidea.pt\/pt_pt\/wp-json\/wp\/v2\/types\/page"}],"author":[{"embeddable":true,"href":"https:\/\/teste.inidea.pt\/pt_pt\/wp-json\/wp\/v2\/users\/1"}],"replies":[{"embeddable":true,"href":"https:\/\/teste.inidea.pt\/pt_pt\/wp-json\/wp\/v2\/comments?post=1021"}],"version-history":[{"count":4,"href":"https:\/\/teste.inidea.pt\/pt_pt\/wp-json\/wp\/v2\/pages\/1021\/revisions"}],"predecessor-version":[{"id":1026,"href":"https:\/\/teste.inidea.pt\/pt_pt\/wp-json\/wp\/v2\/pages\/1021\/revisions\/1026"}],"wp:attachment":[{"href":"https:\/\/teste.inidea.pt\/pt_pt\/wp-json\/wp\/v2\/media?parent=1021"}],"curies":[{"name":"wp","href":"https:\/\/api.w.org\/{rel}","templated":true}]}}