{"id":1113,"date":"2025-05-02T10:22:19","date_gmt":"2025-05-02T10:22:19","guid":{"rendered":"https:\/\/teste.inidea.pt\/?page_id=1113"},"modified":"2026-03-25T11:04:39","modified_gmt":"2026-03-25T11:04:39","slug":"assistencia-tecnica-e-reparacao","status":"publish","type":"page","link":"https:\/\/teste.inidea.pt\/pt_pt\/assistencia-tecnica-e-reparacao\/","title":{"rendered":"Assist\u00eancia T\u00e9cnica e Repara\u00e7\u00e3o"},"content":{"rendered":"\t\t<div data-elementor-type=\"wp-page\" data-elementor-id=\"1113\" class=\"elementor elementor-1113\" data-elementor-post-type=\"page\">\n\t\t\t\t<div class=\"elementor-element elementor-element-76bea3b e-con-full e-flex e-con e-parent\" data-id=\"76bea3b\" data-element_type=\"container\" data-e-type=\"container\">\n\t\t\t\t<div class=\"elementor-element elementor-element-0932364 elementor-widget elementor-widget-bixola_why_choose_us\" data-id=\"0932364\" data-element_type=\"widget\" data-e-type=\"widget\" data-widget_type=\"bixola_why_choose_us.default\">\n\t\t\t\t<div class=\"elementor-widget-container\">\n\t\t\t\t\t\r\n        \r\n            <section class=\"bixola-el-section why-choose-one\">\r\n                                <div class=\"container\">\r\n                    <div class=\"row\">\r\n                        <div class=\"col-xl-6\">\r\n                            <div class=\"why-choose-one__left\">\r\n                                <div class=\"section-title text-left\">\r\n                                                                            <div class=\"section-title__tagline-box\">\r\n                                            <p class=\"bixola-el-section-subheading section-title__tagline\">\r\n                                                Assist\u00eancia T\u00e9cnica Preventiva e Correctiva                                            <\/p>\r\n                                        <\/div>\r\n                                                                                                        <\/div>\r\n                                                                    <p class=\"bixola-el-section-description why-choose-one__text\">\r\n                                        Os nossos Servi\u00e7os T\u00e9cnicos disp\u00f5em de t\u00e9cnicos de electr\u00f3nica e de electricidade, especializados e qualificados, com forma\u00e7\u00e3o t\u00e9cnica espec\u00edfica e adequada, sendo estes sujeitos a ac\u00e7\u00f5es de forma\u00e7\u00e3o e de actualiza\u00e7\u00e3o constante, nas nossas f\u00e1bricas.<br>\n\nOs nossos t\u00e9cnicos circulam diariamente por todo o pa\u00eds e executam qualquer tarefa de assist\u00eancia t\u00e9cnica, durante ou ap\u00f3s o per\u00edodo de garantia dos equipamentos, nas nossas oficinas ou on-site, nas instala\u00e7\u00f5es do pr\u00f3prio cliente, de uma forma r\u00e1pida e eficaz, garantindo sempre a continuidade do material e dos nossos produtos.<br>\n\nDispomos de diversas modalidades de Contractos de Manuten\u00e7\u00e3o Preventivo e Correctivo, em que o cliente pode definir especificamente o que pretende em termos de material, pe\u00e7as, placas electr\u00f3nicas, fus\u00edveis, baterias, ventiladores e de m\u00e3o de obra associada, incluindo o n\u00famero de visitas a considerar, tempo de resposta exigido, MTTR assegurado, disponibilidade de hor\u00e1rios pretendida, etc.\n\nTudo ao seu dispor, por isso somos CTEL, Lda.                                    <\/p>\r\n                                                                <ul class=\"why-choose-one__points list-unstyled\">\r\n                                                                        <li>\r\n                                                                                    <div class=\"icon\">\r\n                                                <span aria-hidden=\"true\" class=\" \"><\/span>                                            <\/div>\r\n                                                                                <div class=\"content\">\r\n                                                                                                                                <\/div>\r\n                                    <\/li>\r\n                                                                    <\/ul>\r\n                                <div class=\"why-choose-one__btn-box\">\r\n                                    <a href=\"https:\/\/teste.inidea.pt\/pt_pt\/contactos\/\" target=\"_self\" rel=\"nofollow\" class=\"bixola-el-btn why-choose-one__btn thm-btn\">\r\n                                        Solicitar Informa\u00e7\u00e3o                                    <\/a>\r\n                                <\/div>\r\n                            <\/div>\r\n                        <\/div>\r\n                        <div class=\"col-xl-6\">\r\n                            <div class=\"why-choose-one__right\">\r\n                                <div class=\"why-choose-one__img wow slideInRight\" data-wow-delay=\"100ms\" data-wow-duration=\"2500ms\">\r\n                                                                        <img decoding=\"async\" src=\"https:\/\/teste.inidea.pt\/wp-content\/uploads\/2025\/05\/assistencia-tecnica.webp\" alt=\"assist\u00eancia t\u00e9cnica\">\r\n                                <\/div>\r\n                            <\/div>\r\n                        <\/div>\r\n                    <\/div>\r\n                <\/div>\r\n            <\/section>\r\n\r\n        \t\t\t\t<\/div>\n\t\t\t\t<\/div>\n\t\t\t\t<\/div>\n\t\t\t\t<\/div>\n\t\t","protected":false},"excerpt":{"rendered":"<p>Assist\u00eancia T\u00e9cnica Preventiva e Correctiva Os nossos Servi\u00e7os T\u00e9cnicos disp\u00f5em de t\u00e9cnicos de electr\u00f3nica e de electricidade, especializados e qualificados, com forma\u00e7\u00e3o t\u00e9cnica espec\u00edfica e adequada, sendo estes sujeitos a ac\u00e7\u00f5es de forma\u00e7\u00e3o e de actualiza\u00e7\u00e3o constante, nas nossas f\u00e1bricas. Os nossos t\u00e9cnicos circulam diariamente por todo o pa\u00eds e executam qualquer tarefa de assist\u00eancia [&hellip;]<\/p>\n","protected":false},"author":1,"featured_media":0,"parent":0,"menu_order":0,"comment_status":"closed","ping_status":"closed","template":"elementor_header_footer","meta":{"footnotes":""},"class_list":["post-1113","page","type-page","status-publish","hentry"],"_links":{"self":[{"href":"https:\/\/teste.inidea.pt\/pt_pt\/wp-json\/wp\/v2\/pages\/1113","targetHints":{"allow":["GET"]}}],"collection":[{"href":"https:\/\/teste.inidea.pt\/pt_pt\/wp-json\/wp\/v2\/pages"}],"about":[{"href":"https:\/\/teste.inidea.pt\/pt_pt\/wp-json\/wp\/v2\/types\/page"}],"author":[{"embeddable":true,"href":"https:\/\/teste.inidea.pt\/pt_pt\/wp-json\/wp\/v2\/users\/1"}],"replies":[{"embeddable":true,"href":"https:\/\/teste.inidea.pt\/pt_pt\/wp-json\/wp\/v2\/comments?post=1113"}],"version-history":[{"count":7,"href":"https:\/\/teste.inidea.pt\/pt_pt\/wp-json\/wp\/v2\/pages\/1113\/revisions"}],"predecessor-version":[{"id":1417,"href":"https:\/\/teste.inidea.pt\/pt_pt\/wp-json\/wp\/v2\/pages\/1113\/revisions\/1417"}],"wp:attachment":[{"href":"https:\/\/teste.inidea.pt\/pt_pt\/wp-json\/wp\/v2\/media?parent=1113"}],"curies":[{"name":"wp","href":"https:\/\/api.w.org\/{rel}","templated":true}]}}