{"id":1118,"date":"2025-05-02T15:32:02","date_gmt":"2025-05-02T15:32:02","guid":{"rendered":"https:\/\/teste.inidea.pt\/?page_id=1118"},"modified":"2026-03-25T11:04:57","modified_gmt":"2026-03-25T11:04:57","slug":"telemanutencao-e-telegestao","status":"publish","type":"page","link":"https:\/\/teste.inidea.pt\/pt_pt\/telemanutencao-e-telegestao\/","title":{"rendered":"Telemanuten\u00e7\u00e3o e Telegest\u00e3o"},"content":{"rendered":"\t\t<div data-elementor-type=\"wp-page\" data-elementor-id=\"1118\" class=\"elementor elementor-1118\" data-elementor-post-type=\"page\">\n\t\t\t\t<div class=\"elementor-element elementor-element-76bea3b e-con-full e-flex e-con e-parent\" data-id=\"76bea3b\" data-element_type=\"container\" data-e-type=\"container\">\n\t\t\t\t<div class=\"elementor-element elementor-element-0932364 elementor-widget elementor-widget-bixola_why_choose_us\" data-id=\"0932364\" data-element_type=\"widget\" data-e-type=\"widget\" data-widget_type=\"bixola_why_choose_us.default\">\n\t\t\t\t<div class=\"elementor-widget-container\">\n\t\t\t\t\t\r\n        \r\n            <section class=\"bixola-el-section why-choose-one\">\r\n                                <div class=\"container\">\r\n                    <div class=\"row\">\r\n                        <div class=\"col-xl-6\">\r\n                            <div class=\"why-choose-one__left\">\r\n                                <div class=\"section-title text-left\">\r\n                                                                            <div class=\"section-title__tagline-box\">\r\n                                            <p class=\"bixola-el-section-subheading section-title__tagline\">\r\n                                                Telemanuten\u00e7\u00e3o e Telegest\u00e3o                                            <\/p>\r\n                                        <\/div>\r\n                                                                                                        <\/div>\r\n                                                                    <p class=\"bixola-el-section-description why-choose-one__text\">\r\n                                        Hoje em dia a manuten\u00e7\u00e3o e a assist\u00eancia t\u00e9cnica remota \u00e9 extremamente importante.<br>\n\n<br>Assim, atrav\u00e9s de software e hardware pr\u00f3prio, podemos monitorizar os equipamentos \u00e0 dist\u00e2ncia, visualizar estados e alarmes, verificar hist\u00f3rico de anomalias, enviar comandos e ordens, reduzindo assim significativamente alguns tempos de espera, associados a opera\u00e7\u00f5es espec\u00edficas de manuten\u00e7\u00e3o e repara\u00e7\u00e3o, assim como asseguramos uma m\u00e1xima continuidade e um tempo m\u00ednimo de interrup\u00e7\u00e3o, na alimenta\u00e7\u00e3o el\u00e9ctrica das cargas, a jusante.<br>\n\n<br>Via modem, internet\/email, sms ou atrav\u00e9s de telefone e telem\u00f3vel, as nossas m\u00e1quinas podem comunicar com o Respons\u00e1vel da Manuten\u00e7\u00e3o ou com o nosso Centro de Assist\u00eancia T\u00e9cnica ( CAT \u2013 CTEL ), reportando assim todos os alarmes, permitindo tamb\u00e9m tomar todas as decis\u00f5es e ac\u00e7\u00f5es necess\u00e1rias, \u00e0 dist\u00e2ncia e em tempo real.\nOs nossos t\u00e9cnicos circulam diariamente por todo o pa\u00eds e executam qualquer tarefa de assist\u00eancia t\u00e9cnica, durante ou ap\u00f3s o per\u00edodo de garantia dos equipamentos, nas nossas oficinas ou on-site, nas instala\u00e7\u00f5es do pr\u00f3prio cliente, de uma forma r\u00e1pida e eficaz, garantindo sempre a continuidade do material e dos nossos produtos.<br>\n\n<br>Dispomos de diversas modalidades de Contractos de Manuten\u00e7\u00e3o Preventivo e Correctivo, em que o cliente pode definir especificamente o que pretende em termos de material, pe\u00e7as, placas electr\u00f3nicas, fus\u00edveis, baterias, ventiladores e de m\u00e3o de obra associada, incluindo o n\u00famero de visitas a considerar, tempo de resposta exigido, MTTR assegurado, disponibilidade de hor\u00e1rios pretendida, etc.<br>\n\n<br>Tudo ao seu dispor, por isso somos CTEL, Lda.                                    <\/p>\r\n                                                                <ul class=\"why-choose-one__points list-unstyled\">\r\n                                                                        <li>\r\n                                                                                    <div class=\"icon\">\r\n                                                <span aria-hidden=\"true\" class=\" \"><\/span>                                            <\/div>\r\n                                                                                <div class=\"content\">\r\n                                                                                                                                <\/div>\r\n                                    <\/li>\r\n                                                                    <\/ul>\r\n                                <div class=\"why-choose-one__btn-box\">\r\n                                    <a href=\"https:\/\/teste.inidea.pt\/pt_pt\/contactos\/\" target=\"_self\" rel=\"nofollow\" class=\"bixola-el-btn why-choose-one__btn thm-btn\">\r\n                                        Solicitar Informa\u00e7\u00e3o                                    <\/a>\r\n                                <\/div>\r\n                            <\/div>\r\n                        <\/div>\r\n                        <div class=\"col-xl-6\">\r\n                            <div class=\"why-choose-one__right\">\r\n                                <div class=\"why-choose-one__img wow slideInRight\" data-wow-delay=\"100ms\" data-wow-duration=\"2500ms\">\r\n                                                                        <img decoding=\"async\" src=\"https:\/\/teste.inidea.pt\/wp-content\/uploads\/2025\/05\/Telemanutencao-e-Telegestao.webp\" alt=\"Telemanuten\u00e7\u00e3o e Telegest\u00e3o\">\r\n                                <\/div>\r\n                            <\/div>\r\n                        <\/div>\r\n                    <\/div>\r\n                <\/div>\r\n            <\/section>\r\n\r\n        \t\t\t\t<\/div>\n\t\t\t\t<\/div>\n\t\t\t\t<\/div>\n\t\t\t\t<\/div>\n\t\t","protected":false},"excerpt":{"rendered":"<p>Telemanuten\u00e7\u00e3o e Telegest\u00e3o Hoje em dia a manuten\u00e7\u00e3o e a assist\u00eancia t\u00e9cnica remota \u00e9 extremamente importante. Assim, atrav\u00e9s de software e hardware pr\u00f3prio, podemos monitorizar os equipamentos \u00e0 dist\u00e2ncia, visualizar estados e alarmes, verificar hist\u00f3rico de anomalias, enviar comandos e ordens, reduzindo assim significativamente alguns tempos de espera, associados a opera\u00e7\u00f5es espec\u00edficas de manuten\u00e7\u00e3o e [&hellip;]<\/p>\n","protected":false},"author":1,"featured_media":0,"parent":0,"menu_order":0,"comment_status":"closed","ping_status":"closed","template":"elementor_header_footer","meta":{"footnotes":""},"class_list":["post-1118","page","type-page","status-publish","hentry"],"_links":{"self":[{"href":"https:\/\/teste.inidea.pt\/pt_pt\/wp-json\/wp\/v2\/pages\/1118","targetHints":{"allow":["GET"]}}],"collection":[{"href":"https:\/\/teste.inidea.pt\/pt_pt\/wp-json\/wp\/v2\/pages"}],"about":[{"href":"https:\/\/teste.inidea.pt\/pt_pt\/wp-json\/wp\/v2\/types\/page"}],"author":[{"embeddable":true,"href":"https:\/\/teste.inidea.pt\/pt_pt\/wp-json\/wp\/v2\/users\/1"}],"replies":[{"embeddable":true,"href":"https:\/\/teste.inidea.pt\/pt_pt\/wp-json\/wp\/v2\/comments?post=1118"}],"version-history":[{"count":7,"href":"https:\/\/teste.inidea.pt\/pt_pt\/wp-json\/wp\/v2\/pages\/1118\/revisions"}],"predecessor-version":[{"id":1420,"href":"https:\/\/teste.inidea.pt\/pt_pt\/wp-json\/wp\/v2\/pages\/1118\/revisions\/1420"}],"wp:attachment":[{"href":"https:\/\/teste.inidea.pt\/pt_pt\/wp-json\/wp\/v2\/media?parent=1118"}],"curies":[{"name":"wp","href":"https:\/\/api.w.org\/{rel}","templated":true}]}}