{"id":1124,"date":"2025-05-02T15:35:11","date_gmt":"2025-05-02T15:35:11","guid":{"rendered":"https:\/\/teste.inidea.pt\/?page_id=1124"},"modified":"2026-03-25T11:05:19","modified_gmt":"2026-03-25T11:05:19","slug":"instalacoes-montagens-e-arranque","status":"publish","type":"page","link":"https:\/\/teste.inidea.pt\/pt_pt\/instalacoes-montagens-e-arranque\/","title":{"rendered":"Instala\u00e7\u00f5es , Montagens e Arranque"},"content":{"rendered":"\t\t<div data-elementor-type=\"wp-page\" data-elementor-id=\"1124\" class=\"elementor elementor-1124\" data-elementor-post-type=\"page\">\n\t\t\t\t<div class=\"elementor-element elementor-element-76bea3b e-con-full e-flex e-con e-parent\" data-id=\"76bea3b\" data-element_type=\"container\" data-e-type=\"container\">\n\t\t\t\t<div class=\"elementor-element elementor-element-0932364 elementor-widget elementor-widget-bixola_why_choose_us\" data-id=\"0932364\" data-element_type=\"widget\" data-e-type=\"widget\" data-widget_type=\"bixola_why_choose_us.default\">\n\t\t\t\t<div class=\"elementor-widget-container\">\n\t\t\t\t\t\r\n        \r\n            <section class=\"bixola-el-section why-choose-one\">\r\n                                <div class=\"container\">\r\n                    <div class=\"row\">\r\n                        <div class=\"col-xl-6\">\r\n                            <div class=\"why-choose-one__left\">\r\n                                <div class=\"section-title text-left\">\r\n                                                                            <div class=\"section-title__tagline-box\">\r\n                                            <p class=\"bixola-el-section-subheading section-title__tagline\">\r\n                                                Instala\u00e7\u00f5es, Montagens, Arranque e coloca\u00e7\u00e3o em servi\u00e7o.                                            <\/p>\r\n                                        <\/div>\r\n                                                                                                        <\/div>\r\n                                                                    <p class=\"bixola-el-section-description why-choose-one__text\">\r\n                                        \u00c9 bastante importante, para os nossos revendedores inform\u00e1ticos e instaladores el\u00e9ctricos, saberem que quando efectuam a venda de uma m\u00e1quina de maior pot\u00eancia, trif\u00e1sica ou monof\u00e1sica, podem transferir para a nossa empresa toda a actividade inerente \u00e0 instala\u00e7\u00e3o da m\u00e1quina, sem qualquer custo adicional e com as correspondentes mais-valias, em termos de seguran\u00e7a da instala\u00e7\u00e3o da mesma e da imagem que \u00e9 transmitida, para os seus pr\u00f3prios clientes, atrav\u00e9s da interven\u00e7\u00e3o de um dos nossos t\u00e9cnicos, especializado e s\u00f3 dedicado \u00e0 \u00e1rea de instala\u00e7\u00f5es e montagem.<br>\n\n.<br>Desta forma, o revendedor n\u00e3o necessita de ter qualquer tipo de receio de se dedicar aos equipamentos de maior pot\u00eancia, n\u00e3o necessitando de ter uma estrutura organizada para esse efeito, sabendo que a Ctel est\u00e1 na sua retaguarda, o que lhe proporciona uma maior tranquilidade e seguran\u00e7a, n\u00e3o s\u00f3 no acto da venda, como tamb\u00e9m no da montagem e instala\u00e7\u00e3o respectiva..<br>\n\n.<br>Com a desloca\u00e7\u00e3o do nosso t\u00e9cnico, assegura-se sempre a instala\u00e7\u00e3o do equipamento, o seu arranque e coloca\u00e7\u00e3o em servi\u00e7o e a execu\u00e7\u00e3o de manobras, testes e ensaios associados, que permitem verificar se tudo se encontra nas devidas condi\u00e7\u00f5es e permitir assim uma correcta aplica\u00e7\u00e3o das condi\u00e7\u00f5es de garantia das m\u00e1quinas, de acordo com as respectivas instru\u00e7\u00f5es de f\u00e1brica..<br>                                    <\/p>\r\n                                                                <ul class=\"why-choose-one__points list-unstyled\">\r\n                                                                        <li>\r\n                                                                                    <div class=\"icon\">\r\n                                                <span aria-hidden=\"true\" class=\" \"><\/span>                                            <\/div>\r\n                                                                                <div class=\"content\">\r\n                                                                                                                                <\/div>\r\n                                    <\/li>\r\n                                                                    <\/ul>\r\n                                <div class=\"why-choose-one__btn-box\">\r\n                                    <a href=\"https:\/\/teste.inidea.pt\/pt_pt\/contactos\/\" target=\"_self\" rel=\"nofollow\" class=\"bixola-el-btn why-choose-one__btn thm-btn\">\r\n                                        Solicitar Informa\u00e7\u00e3o                                    <\/a>\r\n                                <\/div>\r\n                            <\/div>\r\n                        <\/div>\r\n                        <div class=\"col-xl-6\">\r\n                            <div class=\"why-choose-one__right\">\r\n                                <div class=\"why-choose-one__img wow slideInRight\" data-wow-delay=\"100ms\" data-wow-duration=\"2500ms\">\r\n                                                                        <img decoding=\"async\" src=\"https:\/\/teste.inidea.pt\/wp-content\/uploads\/2025\/05\/Instalacoes-Montagens.webp\" alt=\"Instala\u00e7\u00f5es-Montagens...\">\r\n                                <\/div>\r\n                            <\/div>\r\n                        <\/div>\r\n                    <\/div>\r\n                <\/div>\r\n            <\/section>\r\n\r\n        \t\t\t\t<\/div>\n\t\t\t\t<\/div>\n\t\t\t\t<\/div>\n\t\t\t\t<\/div>\n\t\t","protected":false},"excerpt":{"rendered":"<p>Instala\u00e7\u00f5es, Montagens, Arranque e coloca\u00e7\u00e3o em servi\u00e7o. \u00c9 bastante importante, para os nossos revendedores inform\u00e1ticos e instaladores el\u00e9ctricos, saberem que quando efectuam a venda de uma m\u00e1quina de maior pot\u00eancia, trif\u00e1sica ou monof\u00e1sica, podem transferir para a nossa empresa toda a actividade inerente \u00e0 instala\u00e7\u00e3o da m\u00e1quina, sem qualquer custo adicional e com as correspondentes [&hellip;]<\/p>\n","protected":false},"author":1,"featured_media":0,"parent":0,"menu_order":0,"comment_status":"closed","ping_status":"closed","template":"elementor_header_footer","meta":{"footnotes":""},"class_list":["post-1124","page","type-page","status-publish","hentry"],"_links":{"self":[{"href":"https:\/\/teste.inidea.pt\/pt_pt\/wp-json\/wp\/v2\/pages\/1124","targetHints":{"allow":["GET"]}}],"collection":[{"href":"https:\/\/teste.inidea.pt\/pt_pt\/wp-json\/wp\/v2\/pages"}],"about":[{"href":"https:\/\/teste.inidea.pt\/pt_pt\/wp-json\/wp\/v2\/types\/page"}],"author":[{"embeddable":true,"href":"https:\/\/teste.inidea.pt\/pt_pt\/wp-json\/wp\/v2\/users\/1"}],"replies":[{"embeddable":true,"href":"https:\/\/teste.inidea.pt\/pt_pt\/wp-json\/wp\/v2\/comments?post=1124"}],"version-history":[{"count":7,"href":"https:\/\/teste.inidea.pt\/pt_pt\/wp-json\/wp\/v2\/pages\/1124\/revisions"}],"predecessor-version":[{"id":1423,"href":"https:\/\/teste.inidea.pt\/pt_pt\/wp-json\/wp\/v2\/pages\/1124\/revisions\/1423"}],"wp:attachment":[{"href":"https:\/\/teste.inidea.pt\/pt_pt\/wp-json\/wp\/v2\/media?parent=1124"}],"curies":[{"name":"wp","href":"https:\/\/api.w.org\/{rel}","templated":true}]}}