{"id":1130,"date":"2025-05-02T15:37:35","date_gmt":"2025-05-02T15:37:35","guid":{"rendered":"https:\/\/teste.inidea.pt\/?page_id=1130"},"modified":"2026-03-25T11:08:23","modified_gmt":"2026-03-25T11:08:23","slug":"assistencia-tecnica-multimarca","status":"publish","type":"page","link":"https:\/\/teste.inidea.pt\/pt_pt\/assistencia-tecnica-multimarca\/","title":{"rendered":"Assist\u00eancia T\u00e9cnica Multimarca"},"content":{"rendered":"\t\t<div data-elementor-type=\"wp-page\" data-elementor-id=\"1130\" class=\"elementor elementor-1130\" data-elementor-post-type=\"page\">\n\t\t\t\t<div class=\"elementor-element elementor-element-76bea3b e-con-full e-flex e-con e-parent\" data-id=\"76bea3b\" data-element_type=\"container\" data-e-type=\"container\">\n\t\t\t\t<div class=\"elementor-element elementor-element-0932364 elementor-widget elementor-widget-bixola_why_choose_us\" data-id=\"0932364\" data-element_type=\"widget\" data-e-type=\"widget\" data-widget_type=\"bixola_why_choose_us.default\">\n\t\t\t\t<div class=\"elementor-widget-container\">\n\t\t\t\t\t\r\n        \r\n            <section class=\"bixola-el-section why-choose-one\">\r\n                                <div class=\"container\">\r\n                    <div class=\"row\">\r\n                        <div class=\"col-xl-6\">\r\n                            <div class=\"why-choose-one__left\">\r\n                                <div class=\"section-title text-left\">\r\n                                                                            <div class=\"section-title__tagline-box\">\r\n                                            <p class=\"bixola-el-section-subheading section-title__tagline\">\r\n                                                Assist\u00eancia T\u00e9cnica Multimarca                                            <\/p>\r\n                                        <\/div>\r\n                                                                                                        <\/div>\r\n                                                                    <p class=\"bixola-el-section-description why-choose-one__text\">\r\n                                        A assist\u00eancia t\u00e9cnica Multimarca, com repara\u00e7\u00e3o a qualquer  marca de UPS\u2019s, estabilizadores de tens\u00e3o, baterias de condensadores, etc, \u00e9 tamb\u00e9m um dos factores a destacar e s\u00f3 \u00e9 poss\u00edvel, dado o elevado know-how dos nossos t\u00e9cnicos, nas diversas tecnologias empregues, das diferentes marcas e fruto dos diversos acordos internacionais de que dispomos.<br>\n\n\n<br>Se na sua empresa tem v\u00e1rias UPS\u2019s, de diversas marcas e modelos, o que lhe pode causar uma grande confus\u00e3o e problemas em termos de manuten\u00e7\u00e3o, conserva\u00e7\u00e3o e repara\u00e7\u00f5es associadas, consulte-nos e poderemos apresentar-lhe um Contrato de Manuten\u00e7\u00e3o Multimarca, para que deixe de ter esse tipo de preocupa\u00e7\u00f5es.<br>\n\n\n<br>Assim, ficam asseguradas as vistorias e inspec\u00e7\u00f5es, a manuten\u00e7\u00e3o preventiva, as repara\u00e7\u00f5es e as ac\u00e7\u00f5es correctivas associadas, em termos de placas electr\u00f3nicas, baterias, pe\u00e7as, componentes e m\u00e3o-de-obra, nas instala\u00e7\u00f5es do pr\u00f3prio cliente.<br>\n\n\n<br>Poder\u00e1, inclusivamente, solicitar apenas uma vistoria geral ao seu parque de UPS\u2019s, com elabora\u00e7\u00e3o de um relat\u00f3rio final, dedicado a esse efeito.\nPara sua maior comodidade e conforto, ter um s\u00f3 interface t\u00e9cnico respons\u00e1vel, \u00e9 bem mais seguro e apraz\u00edvel, do que lidar com v\u00e1rios t\u00e9cnicos, de diferentes marcas.<br>\n\n\n<br>Dispomos de uma vasta lista de refer\u00eancias a n\u00edvel nacional, de clientes com Contractos de Manuten\u00e7\u00e3o Multimarca, nos mais diversos sectores, entre os quais destacamos, banca, seguros, institutos, estado, ex\u00e9rcito, industria, telecomunica\u00e7\u00f5es, shoppings, entre outros.                                    <\/p>\r\n                                                                <ul class=\"why-choose-one__points list-unstyled\">\r\n                                                                        <li>\r\n                                                                                    <div class=\"icon\">\r\n                                                <span aria-hidden=\"true\" class=\" \"><\/span>                                            <\/div>\r\n                                                                                <div class=\"content\">\r\n                                                                                                                                <\/div>\r\n                                    <\/li>\r\n                                                                    <\/ul>\r\n                                <div class=\"why-choose-one__btn-box\">\r\n                                    <a href=\"https:\/\/teste.inidea.pt\/pt_pt\/contactos\/\" target=\"_self\" rel=\"nofollow\" class=\"bixola-el-btn why-choose-one__btn thm-btn\">\r\n                                        Solicitar Informa\u00e7\u00e3o                                    <\/a>\r\n                                <\/div>\r\n                            <\/div>\r\n                        <\/div>\r\n                        <div class=\"col-xl-6\">\r\n                            <div class=\"why-choose-one__right\">\r\n                                <div class=\"why-choose-one__img wow slideInRight\" data-wow-delay=\"100ms\" data-wow-duration=\"2500ms\">\r\n                                                                        <img decoding=\"async\" src=\"https:\/\/teste.inidea.pt\/wp-content\/uploads\/2025\/05\/Assistencia-Multimarca.webp\" alt=\"\">\r\n                                <\/div>\r\n                            <\/div>\r\n                        <\/div>\r\n                    <\/div>\r\n                <\/div>\r\n            <\/section>\r\n\r\n        \t\t\t\t<\/div>\n\t\t\t\t<\/div>\n\t\t\t\t<\/div>\n\t\t\t\t<\/div>\n\t\t","protected":false},"excerpt":{"rendered":"<p>Assist\u00eancia T\u00e9cnica Multimarca A assist\u00eancia t\u00e9cnica Multimarca, com repara\u00e7\u00e3o a qualquer marca de UPS\u2019s, estabilizadores de tens\u00e3o, baterias de condensadores, etc, \u00e9 tamb\u00e9m um dos factores a destacar e s\u00f3 \u00e9 poss\u00edvel, dado o elevado know-how dos nossos t\u00e9cnicos, nas diversas tecnologias empregues, das diferentes marcas e fruto dos diversos acordos internacionais de que dispomos. [&hellip;]<\/p>\n","protected":false},"author":1,"featured_media":0,"parent":0,"menu_order":0,"comment_status":"closed","ping_status":"closed","template":"elementor_header_footer","meta":{"footnotes":""},"class_list":["post-1130","page","type-page","status-publish","hentry"],"_links":{"self":[{"href":"https:\/\/teste.inidea.pt\/pt_pt\/wp-json\/wp\/v2\/pages\/1130","targetHints":{"allow":["GET"]}}],"collection":[{"href":"https:\/\/teste.inidea.pt\/pt_pt\/wp-json\/wp\/v2\/pages"}],"about":[{"href":"https:\/\/teste.inidea.pt\/pt_pt\/wp-json\/wp\/v2\/types\/page"}],"author":[{"embeddable":true,"href":"https:\/\/teste.inidea.pt\/pt_pt\/wp-json\/wp\/v2\/users\/1"}],"replies":[{"embeddable":true,"href":"https:\/\/teste.inidea.pt\/pt_pt\/wp-json\/wp\/v2\/comments?post=1130"}],"version-history":[{"count":10,"href":"https:\/\/teste.inidea.pt\/pt_pt\/wp-json\/wp\/v2\/pages\/1130\/revisions"}],"predecessor-version":[{"id":1427,"href":"https:\/\/teste.inidea.pt\/pt_pt\/wp-json\/wp\/v2\/pages\/1130\/revisions\/1427"}],"wp:attachment":[{"href":"https:\/\/teste.inidea.pt\/pt_pt\/wp-json\/wp\/v2\/media?parent=1130"}],"curies":[{"name":"wp","href":"https:\/\/api.w.org\/{rel}","templated":true}]}}