{"id":1139,"date":"2025-05-02T15:39:40","date_gmt":"2025-05-02T15:39:40","guid":{"rendered":"https:\/\/teste.inidea.pt\/?page_id=1139"},"modified":"2026-03-25T11:08:38","modified_gmt":"2026-03-25T11:08:38","slug":"dimensionamento","status":"publish","type":"page","link":"https:\/\/teste.inidea.pt\/pt_pt\/dimensionamento\/","title":{"rendered":"Dimensionamento"},"content":{"rendered":"\t\t<div data-elementor-type=\"wp-page\" data-elementor-id=\"1139\" class=\"elementor elementor-1139\" data-elementor-post-type=\"page\">\n\t\t\t\t<div class=\"elementor-element elementor-element-76bea3b e-con-full e-flex e-con e-parent\" data-id=\"76bea3b\" data-element_type=\"container\" data-e-type=\"container\">\n\t\t\t\t<div class=\"elementor-element elementor-element-0932364 elementor-widget elementor-widget-bixola_why_choose_us\" data-id=\"0932364\" data-element_type=\"widget\" data-e-type=\"widget\" data-widget_type=\"bixola_why_choose_us.default\">\n\t\t\t\t<div class=\"elementor-widget-container\">\n\t\t\t\t\t\r\n        \r\n            <section class=\"bixola-el-section why-choose-one\">\r\n                                <div class=\"container\">\r\n                    <div class=\"row\">\r\n                        <div class=\"col-xl-6\">\r\n                            <div class=\"why-choose-one__left\">\r\n                                <div class=\"section-title text-left\">\r\n                                                                            <div class=\"section-title__tagline-box\">\r\n                                            <p class=\"bixola-el-section-subheading section-title__tagline\">\r\n                                                Dimensionamento                                            <\/p>\r\n                                        <\/div>\r\n                                                                                                        <\/div>\r\n                                                                    <p class=\"bixola-el-section-description why-choose-one__text\">\r\n                                        Este \u00e9 um aspecto essencial no suporte aos nossos clientes, sendo um dos nossos pontos mais fortes, que nos distingue face \u00e0 concorr\u00eancia b\u00e1sica.\nO dimensionamento \u00e9 uma situa\u00e7\u00e3o extremamente cr\u00edtica, na qual temos que ter a certeza absoluta de que n\u00e3o vamos cometer erros, que poder\u00e3o ser irremedi\u00e1veis e causar grandes transtornos, a todos os n\u00edveis, no futuro.<br>\n\n<br>A situa\u00e7\u00e3o torna-se ainda mais cr\u00edtica, para as pot\u00eancias maiores. Por vezes, o cliente desconhece o consumo t\u00edpico dos equipamentos que comp\u00f5em a sua instala\u00e7\u00e3o. Outras, o revendedor ou o instalador, ainda n\u00e3o est\u00e1 suficientemente familiarizado com as t\u00e9cnicas de c\u00e1lculo da pot\u00eancia e da autonomia necess\u00e1ria, das UPS\u2019s e dos outros sistemas de energia, em causa. Uma equipa de engenharia, com vasta experi\u00eancia nesta \u00e1rea, utilizando programas de c\u00e1lculo adequados, tabelas de consumo tipo e outras ferramentas apropriadas de que dispomos, apresenta a solu\u00e7\u00e3o optimizada, em termos de tecnologia, qualidade e pre\u00e7o e as respectivas alternativas, para o equipamento ou instala\u00e7\u00e3o em causa, de uma forma r\u00e1pida, eficaz e completamente segura.<br>\n\n<br>Pode surgir um tipo de equipamento diferente ou com um consumo desconhecido e que pode n\u00e3o ser desprez\u00edvel, em termos de c\u00e1lculo.\nAssumimos toda a responsabilidade dos dimensionamentos em causa, n\u00e3o tendo portanto, o revendedor ou o instalador, que se preocupar com tais problemas.\nFazemos assim o back-office dos nossos parceiros, que podem ent\u00e3o dedicar-se tranquilamente ao seu core business, tendo absoluta confian\u00e7a e seguran\u00e7a no nosso trabalho<br>                                    <\/p>\r\n                                                                <ul class=\"why-choose-one__points list-unstyled\">\r\n                                                                        <li>\r\n                                                                                    <div class=\"icon\">\r\n                                                <span aria-hidden=\"true\" class=\" \"><\/span>                                            <\/div>\r\n                                                                                <div class=\"content\">\r\n                                                                                                                                <\/div>\r\n                                    <\/li>\r\n                                                                    <\/ul>\r\n                                <div class=\"why-choose-one__btn-box\">\r\n                                    <a href=\"https:\/\/teste.inidea.pt\/pt_pt\/contactos\/\" target=\"_self\" rel=\"nofollow\" class=\"bixola-el-btn why-choose-one__btn thm-btn\">\r\n                                        Solicitar Informa\u00e7\u00e3o                                    <\/a>\r\n                                <\/div>\r\n                            <\/div>\r\n                        <\/div>\r\n                        <div class=\"col-xl-6\">\r\n                            <div class=\"why-choose-one__right\">\r\n                                <div class=\"why-choose-one__img wow slideInRight\" data-wow-delay=\"100ms\" data-wow-duration=\"2500ms\">\r\n                                                                        <img decoding=\"async\" src=\"https:\/\/teste.inidea.pt\/wp-content\/uploads\/2025\/05\/dimensionamento.webp\" alt=\"\">\r\n                                <\/div>\r\n                            <\/div>\r\n                        <\/div>\r\n                    <\/div>\r\n                <\/div>\r\n            <\/section>\r\n\r\n        \t\t\t\t<\/div>\n\t\t\t\t<\/div>\n\t\t\t\t<\/div>\n\t\t\t\t<\/div>\n\t\t","protected":false},"excerpt":{"rendered":"<p>Dimensionamento Este \u00e9 um aspecto essencial no suporte aos nossos clientes, sendo um dos nossos pontos mais fortes, que nos distingue face \u00e0 concorr\u00eancia b\u00e1sica. O dimensionamento \u00e9 uma situa\u00e7\u00e3o extremamente cr\u00edtica, na qual temos que ter a certeza absoluta de que n\u00e3o vamos cometer erros, que poder\u00e3o ser irremedi\u00e1veis e causar grandes transtornos, a [&hellip;]<\/p>\n","protected":false},"author":1,"featured_media":0,"parent":0,"menu_order":0,"comment_status":"closed","ping_status":"closed","template":"elementor_header_footer","meta":{"footnotes":""},"class_list":["post-1139","page","type-page","status-publish","hentry"],"_links":{"self":[{"href":"https:\/\/teste.inidea.pt\/pt_pt\/wp-json\/wp\/v2\/pages\/1139","targetHints":{"allow":["GET"]}}],"collection":[{"href":"https:\/\/teste.inidea.pt\/pt_pt\/wp-json\/wp\/v2\/pages"}],"about":[{"href":"https:\/\/teste.inidea.pt\/pt_pt\/wp-json\/wp\/v2\/types\/page"}],"author":[{"embeddable":true,"href":"https:\/\/teste.inidea.pt\/pt_pt\/wp-json\/wp\/v2\/users\/1"}],"replies":[{"embeddable":true,"href":"https:\/\/teste.inidea.pt\/pt_pt\/wp-json\/wp\/v2\/comments?post=1139"}],"version-history":[{"count":7,"href":"https:\/\/teste.inidea.pt\/pt_pt\/wp-json\/wp\/v2\/pages\/1139\/revisions"}],"predecessor-version":[{"id":1430,"href":"https:\/\/teste.inidea.pt\/pt_pt\/wp-json\/wp\/v2\/pages\/1139\/revisions\/1430"}],"wp:attachment":[{"href":"https:\/\/teste.inidea.pt\/pt_pt\/wp-json\/wp\/v2\/media?parent=1139"}],"curies":[{"name":"wp","href":"https:\/\/api.w.org\/{rel}","templated":true}]}}