{"id":1145,"date":"2025-05-02T15:41:50","date_gmt":"2025-05-02T15:41:50","guid":{"rendered":"https:\/\/teste.inidea.pt\/?page_id=1145"},"modified":"2026-03-25T11:08:53","modified_gmt":"2026-03-25T11:08:53","slug":"parceria-agentes","status":"publish","type":"page","link":"https:\/\/teste.inidea.pt\/pt_pt\/parceria-agentes\/","title":{"rendered":"Parceria Agentes"},"content":{"rendered":"\t\t<div data-elementor-type=\"wp-page\" data-elementor-id=\"1145\" class=\"elementor elementor-1145\" data-elementor-post-type=\"page\">\n\t\t\t\t<div class=\"elementor-element elementor-element-76bea3b e-con-full e-flex e-con e-parent\" data-id=\"76bea3b\" data-element_type=\"container\" data-e-type=\"container\">\n\t\t\t\t<div class=\"elementor-element elementor-element-0932364 elementor-widget elementor-widget-bixola_why_choose_us\" data-id=\"0932364\" data-element_type=\"widget\" data-e-type=\"widget\" data-widget_type=\"bixola_why_choose_us.default\">\n\t\t\t\t<div class=\"elementor-widget-container\">\n\t\t\t\t\t\r\n        \r\n            <section class=\"bixola-el-section why-choose-one\">\r\n                                <div class=\"container\">\r\n                    <div class=\"row\">\r\n                        <div class=\"col-xl-6\">\r\n                            <div class=\"why-choose-one__left\">\r\n                                <div class=\"section-title text-left\">\r\n                                                                            <div class=\"section-title__tagline-box\">\r\n                                            <p class=\"bixola-el-section-subheading section-title__tagline\">\r\n                                                Parceria CTEL com Agentes                                            <\/p>\r\n                                        <\/div>\r\n                                                                                                        <\/div>\r\n                                                                    <p class=\"bixola-el-section-description why-choose-one__text\">\r\n                                        Ao longo dos anos, a nossa empresa n\u00e3o tem vindo s\u00f3 a angariar novos clientes, tem vindo a estabelecer rela\u00e7\u00f5es de parceria profissional privilegiadas, com os diversos parceiros encontrados, nos diferentes sectores de actividade, entre os quais destacamos os seguintes: inform\u00e1tico, el\u00e9ctrico, industrial, m\u00e9dico, laboratorial, etc.<br>\n\n<br>A receita do sucesso \u00e9 a seguinte: excelente qualidade dos equipamentos comercializados, tecnologia de vanguarda empregue, rela\u00e7\u00e3o pre\u00e7o\/qualidade \u00f3ptima, stock de materiais actualizado e sempre dispon\u00edvel, suporte log\u00edstico ao revendedor, flexibilidade nas condi\u00e7\u00f5es e prazos de pagamento e formas respectivas do mesmo, apoio comercial e de marketing, suporte nos dimensionamentos, apoio t\u00e9cnico e suporte p\u00f3s-venda, cumprimento rigoroso das condi\u00e7\u00f5es contratuais e das condi\u00e7\u00f5es de garantia dos equipamentos e apoio na instala\u00e7\u00e3o dos mesmos.<br>\n\n<br>O elevado grau de confian\u00e7a que os nossos parceiros depositam em n\u00f3s, permite este tipo de trabalho em colabora\u00e7\u00e3o e parceria, que se traduz em \u00f3ptimos resultados e que s\u00f3 \u00e9 poss\u00edvel pela \u00e9tica, valores e princ\u00edpios pelos quais nos regemos e que n\u00e3o deixamos que sejam ultrapassados, pela \u00e2nsia oportunista, de um ganho maior e mais f\u00e1cil.<br>\n\n<br>De facto, os nossos parceiros e agentes est\u00e3o sempre em primeiro lugar, porque sabemos que \u00e9 atrav\u00e9s do seu \u00eaxitos e sucessos, que os nossos objectivos s\u00e3o alcan\u00e7ados.<br>\n\n<br>A confian\u00e7a \u00e9 a palavra de ordem e por todas essas raz\u00f5es, existimos e persistimos desde 1993.\nPor isso, somos CTEL, Lda.                                    <\/p>\r\n                                                                <ul class=\"why-choose-one__points list-unstyled\">\r\n                                                                        <li>\r\n                                                                                    <div class=\"icon\">\r\n                                                <span aria-hidden=\"true\" class=\" \"><\/span>                                            <\/div>\r\n                                                                                <div class=\"content\">\r\n                                                                                                                                <\/div>\r\n                                    <\/li>\r\n                                                                    <\/ul>\r\n                                <div class=\"why-choose-one__btn-box\">\r\n                                    <a href=\"https:\/\/teste.inidea.pt\/pt_pt\/contactos\/\" target=\"_self\" rel=\"nofollow\" class=\"bixola-el-btn why-choose-one__btn thm-btn\">\r\n                                        Solicitar Informa\u00e7\u00e3o                                    <\/a>\r\n                                <\/div>\r\n                            <\/div>\r\n                        <\/div>\r\n                        <div class=\"col-xl-6\">\r\n                            <div class=\"why-choose-one__right\">\r\n                                <div class=\"why-choose-one__img wow slideInRight\" data-wow-delay=\"100ms\" data-wow-duration=\"2500ms\">\r\n                                                                        <img decoding=\"async\" src=\"https:\/\/teste.inidea.pt\/wp-content\/uploads\/2025\/05\/parceria-agentes.webp\" alt=\"\">\r\n                                <\/div>\r\n                            <\/div>\r\n                        <\/div>\r\n                    <\/div>\r\n                <\/div>\r\n            <\/section>\r\n\r\n        \t\t\t\t<\/div>\n\t\t\t\t<\/div>\n\t\t\t\t<\/div>\n\t\t\t\t<\/div>\n\t\t","protected":false},"excerpt":{"rendered":"<p>Parceria CTEL com Agentes Ao longo dos anos, a nossa empresa n\u00e3o tem vindo s\u00f3 a angariar novos clientes, tem vindo a estabelecer rela\u00e7\u00f5es de parceria profissional privilegiadas, com os diversos parceiros encontrados, nos diferentes sectores de actividade, entre os quais destacamos os seguintes: inform\u00e1tico, el\u00e9ctrico, industrial, m\u00e9dico, laboratorial, etc. A receita do sucesso \u00e9 [&hellip;]<\/p>\n","protected":false},"author":1,"featured_media":0,"parent":0,"menu_order":0,"comment_status":"closed","ping_status":"closed","template":"elementor_header_footer","meta":{"footnotes":""},"class_list":["post-1145","page","type-page","status-publish","hentry"],"_links":{"self":[{"href":"https:\/\/teste.inidea.pt\/pt_pt\/wp-json\/wp\/v2\/pages\/1145","targetHints":{"allow":["GET"]}}],"collection":[{"href":"https:\/\/teste.inidea.pt\/pt_pt\/wp-json\/wp\/v2\/pages"}],"about":[{"href":"https:\/\/teste.inidea.pt\/pt_pt\/wp-json\/wp\/v2\/types\/page"}],"author":[{"embeddable":true,"href":"https:\/\/teste.inidea.pt\/pt_pt\/wp-json\/wp\/v2\/users\/1"}],"replies":[{"embeddable":true,"href":"https:\/\/teste.inidea.pt\/pt_pt\/wp-json\/wp\/v2\/comments?post=1145"}],"version-history":[{"count":7,"href":"https:\/\/teste.inidea.pt\/pt_pt\/wp-json\/wp\/v2\/pages\/1145\/revisions"}],"predecessor-version":[{"id":1433,"href":"https:\/\/teste.inidea.pt\/pt_pt\/wp-json\/wp\/v2\/pages\/1145\/revisions\/1433"}],"wp:attachment":[{"href":"https:\/\/teste.inidea.pt\/pt_pt\/wp-json\/wp\/v2\/media?parent=1145"}],"curies":[{"name":"wp","href":"https:\/\/api.w.org\/{rel}","templated":true}]}}