{"id":1157,"date":"2025-05-02T15:46:20","date_gmt":"2025-05-02T15:46:20","guid":{"rendered":"https:\/\/teste.inidea.pt\/?page_id=1157"},"modified":"2026-03-25T11:09:19","modified_gmt":"2026-03-25T11:09:19","slug":"apoio-comercial","status":"publish","type":"page","link":"https:\/\/teste.inidea.pt\/pt_pt\/apoio-comercial\/","title":{"rendered":"Apoio comercial"},"content":{"rendered":"\t\t<div data-elementor-type=\"wp-page\" data-elementor-id=\"1157\" class=\"elementor elementor-1157\" data-elementor-post-type=\"page\">\n\t\t\t\t<div class=\"elementor-element elementor-element-76bea3b e-con-full e-flex e-con e-parent\" data-id=\"76bea3b\" data-element_type=\"container\" data-e-type=\"container\">\n\t\t\t\t<div class=\"elementor-element elementor-element-0932364 elementor-widget elementor-widget-bixola_why_choose_us\" data-id=\"0932364\" data-element_type=\"widget\" data-e-type=\"widget\" data-widget_type=\"bixola_why_choose_us.default\">\n\t\t\t\t<div class=\"elementor-widget-container\">\n\t\t\t\t\t\r\n        \r\n            <section class=\"bixola-el-section why-choose-one\">\r\n                                <div class=\"container\">\r\n                    <div class=\"row\">\r\n                        <div class=\"col-xl-6\">\r\n                            <div class=\"why-choose-one__left\">\r\n                                <div class=\"section-title text-left\">\r\n                                                                            <div class=\"section-title__tagline-box\">\r\n                                            <p class=\"bixola-el-section-subheading section-title__tagline\">\r\n                                                Apoio comercial                                            <\/p>\r\n                                        <\/div>\r\n                                                                                                        <\/div>\r\n                                                                    <p class=\"bixola-el-section-description why-choose-one__text\">\r\n                                        \u00c9 fundamental o cliente ter o suporte de uma equipa t\u00e9cnico-comercial especializada, que possa analisar a aplica\u00e7\u00e3o, a situa\u00e7\u00e3o em si, os problemas existentes e as suas raz\u00f5es, os objectivos pretendidos pelo cliente e quais as suas reais dificuldades e problemas, que tem que ser resolvidos com a m\u00e1xima rapidez e efic\u00e1cia.<br>\n\n<br>A no\u00e7\u00e3o perfeita e real do cen\u00e1rio em causa, \u00e9 por isso fundamental, de forma a podermos apresentar as solu\u00e7\u00f5es optimizadas, que contribuam para a resolu\u00e7\u00e3o definitiva dos problemas e para a m\u00e1xima satisfa\u00e7\u00e3o do cliente.\nPor e-mail, telefone ou pessoalmente, estamos sempre dispon\u00edveis para si, atrav\u00e9s de um dos nosso t\u00e9cnicos ou comerciais e naturalmente atrav\u00e9s de toda a nossa equipa.<br>\n\n<br>Atrav\u00e9s de pessoal devidamente formado e credenciado e com equipamentos de teste e medida adequados para o efeito, podemos tamb\u00e9m fazer essa avalia\u00e7\u00e3o nas pr\u00f3prias instala\u00e7\u00f5es do cliente final, em qualquer ponto do pa\u00eds, cooperando assim com os nossos parceiros e contribuindo para uma m\u00e1xima seguran\u00e7a na solu\u00e7\u00e3o definida.<br>\n\n<br>O n\u00famero de t\u00e9cnicos e comerciais existentes na nossa empresa e a sua mobilidade constante, s\u00e3o sin\u00f3nimos da flexibilidade da empresa e da abrang\u00eancia total conseguida, a n\u00edvel de todo o territ\u00f3rio nacional.                                    <\/p>\r\n                                                                <ul class=\"why-choose-one__points list-unstyled\">\r\n                                                                        <li>\r\n                                                                                    <div class=\"icon\">\r\n                                                <span aria-hidden=\"true\" class=\" \"><\/span>                                            <\/div>\r\n                                                                                <div class=\"content\">\r\n                                                                                                                                <\/div>\r\n                                    <\/li>\r\n                                                                    <\/ul>\r\n                                <div class=\"why-choose-one__btn-box\">\r\n                                    <a href=\"https:\/\/teste.inidea.pt\/pt_pt\/contactos\/\" target=\"_self\" rel=\"nofollow\" class=\"bixola-el-btn why-choose-one__btn thm-btn\">\r\n                                        Solicitar Informa\u00e7\u00e3o                                    <\/a>\r\n                                <\/div>\r\n                            <\/div>\r\n                        <\/div>\r\n                        <div class=\"col-xl-6\">\r\n                            <div class=\"why-choose-one__right\">\r\n                                <div class=\"why-choose-one__img wow slideInRight\" data-wow-delay=\"100ms\" data-wow-duration=\"2500ms\">\r\n                                                                        <img decoding=\"async\" src=\"https:\/\/teste.inidea.pt\/wp-content\/uploads\/2025\/05\/Apoio-Pre-venda.webp\" alt=\"\">\r\n                                <\/div>\r\n                            <\/div>\r\n                        <\/div>\r\n                    <\/div>\r\n                <\/div>\r\n            <\/section>\r\n\r\n        \t\t\t\t<\/div>\n\t\t\t\t<\/div>\n\t\t\t\t<\/div>\n\t\t\t\t<\/div>\n\t\t","protected":false},"excerpt":{"rendered":"<p>Apoio comercial \u00c9 fundamental o cliente ter o suporte de uma equipa t\u00e9cnico-comercial especializada, que possa analisar a aplica\u00e7\u00e3o, a situa\u00e7\u00e3o em si, os problemas existentes e as suas raz\u00f5es, os objectivos pretendidos pelo cliente e quais as suas reais dificuldades e problemas, que tem que ser resolvidos com a m\u00e1xima rapidez e efic\u00e1cia. A [&hellip;]<\/p>\n","protected":false},"author":1,"featured_media":0,"parent":0,"menu_order":0,"comment_status":"closed","ping_status":"closed","template":"elementor_header_footer","meta":{"footnotes":""},"class_list":["post-1157","page","type-page","status-publish","hentry"],"_links":{"self":[{"href":"https:\/\/teste.inidea.pt\/pt_pt\/wp-json\/wp\/v2\/pages\/1157","targetHints":{"allow":["GET"]}}],"collection":[{"href":"https:\/\/teste.inidea.pt\/pt_pt\/wp-json\/wp\/v2\/pages"}],"about":[{"href":"https:\/\/teste.inidea.pt\/pt_pt\/wp-json\/wp\/v2\/types\/page"}],"author":[{"embeddable":true,"href":"https:\/\/teste.inidea.pt\/pt_pt\/wp-json\/wp\/v2\/users\/1"}],"replies":[{"embeddable":true,"href":"https:\/\/teste.inidea.pt\/pt_pt\/wp-json\/wp\/v2\/comments?post=1157"}],"version-history":[{"count":7,"href":"https:\/\/teste.inidea.pt\/pt_pt\/wp-json\/wp\/v2\/pages\/1157\/revisions"}],"predecessor-version":[{"id":1439,"href":"https:\/\/teste.inidea.pt\/pt_pt\/wp-json\/wp\/v2\/pages\/1157\/revisions\/1439"}],"wp:attachment":[{"href":"https:\/\/teste.inidea.pt\/pt_pt\/wp-json\/wp\/v2\/media?parent=1157"}],"curies":[{"name":"wp","href":"https:\/\/api.w.org\/{rel}","templated":true}]}}