{"id":1247,"date":"2025-05-06T12:58:05","date_gmt":"2025-05-06T12:58:05","guid":{"rendered":"https:\/\/teste.inidea.pt\/?page_id=1247"},"modified":"2025-05-06T12:59:11","modified_gmt":"2025-05-06T12:59:11","slug":"filtros-de-harmonicos","status":"publish","type":"page","link":"https:\/\/teste.inidea.pt\/pt_pt\/filtros-de-harmonicos\/","title":{"rendered":"Filtros de harm\u00f3nicos"},"content":{"rendered":"\t\t<div data-elementor-type=\"wp-page\" data-elementor-id=\"1247\" class=\"elementor elementor-1247\" data-elementor-post-type=\"page\">\n\t\t\t\t<div class=\"elementor-element elementor-element-5fb7780 e-con-full e-flex e-con e-parent\" data-id=\"5fb7780\" data-element_type=\"container\" data-e-type=\"container\">\n\t\t\t\t<div class=\"elementor-element elementor-element-1caadca elementor-widget elementor-widget-bixola_portfolio_info\" data-id=\"1caadca\" data-element_type=\"widget\" data-e-type=\"widget\" data-widget_type=\"bixola_portfolio_info.default\">\n\t\t\t\t<div class=\"elementor-widget-container\">\n\t\t\t\t\t\r\n            <section class=\"bixola-el-section portfolio-details\">\r\n                <div class=\"container\">\r\n                    <div class=\"row\">\r\n                        <div class=\"col-xl-12\">\r\n                            <div class=\"portfolio-details__img\">\r\n                                <img decoding=\"async\" src=\"https:\/\/teste.inidea.pt\/wp-content\/uploads\/2025\/05\/Filtros-de-harmonicos-pagina.webp\" alt=\"http:\/\/Filtros%20de%20harm\u00f3nicos\">\r\n                            <\/div>\r\n                        <\/div>\r\n                        <div class=\"portfolio-details__bottom\">\r\n                            <div class=\"row\">\r\n                                <div class=\"col-xl-8 col-lg-7\">\r\n                                    <div class=\"portfolio-details__left\">\r\n                                                                                    <p class=\"portfolio-details__sub-title\">\r\n                                                Baterias de Condensadores                                            <\/p>\r\n                                                                                                                            <h3 class=\"portfolio-details__title\">\r\n                                                Filtros de harm\u00f3nicos                                            <\/h3>\r\n                                                                                                                            <p class=\"portfolio-details__text-1\">\r\n                                                \u00c9 a solu\u00e7\u00e3o ideal para eliminar os harm\u00f3nicos, especialmente o 3\u00ba harm\u00f3nico no neutro, gerados essencialmente pelas cargas n\u00e3o lineares, hoje t\u00e3o vulgarizadas em ambientes de escrit\u00f3rio, dado o uso sistem\u00e1tico de equipamentos inform\u00e1ticos em qualquer tipo de actividade.  Dispon\u00edvel desde os 15 at\u00e9 aos 90 KVA.                                            <\/p>\r\n                                                                                                                            <p class=\"portfolio-details__text-2\">\r\n                                                <a href=\"https:\/\/www.ctel.pt\/orcamentos\"> Solicitar Or\u00e7amento <\/a>                                            <\/p>\r\n                                                                                <div class=\"portfolio-details__pagination-box\">\r\n                                            <ul class=\"portfolio-details__pagination list-unstyled clearfix\">\r\n                                                                                                                                            <\/ul>\r\n                                        <\/div>\r\n                                    <\/div>\r\n                                <\/div>\r\n                                <div class=\"col-xl-4 col-lg-5\">\r\n                                    <div class=\"portfolio-details__right\">\r\n                                        <div class=\"portfolio-details__information-box\">\r\n                                                                                        <ul class=\"portfolio-details__information list-unstyled\">\r\n                                                                                                                                                                                                <\/ul>\r\n                                        <\/div>\r\n                                    <\/div>\r\n                                <\/div>\r\n                            <\/div>\r\n                        <\/div>\r\n                    <\/div>\r\n                <\/div>\r\n            <\/section>\r\n\r\n        \t\t\t\t<\/div>\n\t\t\t\t<\/div>\n\t\t\t\t<\/div>\n\t\t<div class=\"elementor-element elementor-element-aff0fd1 e-flex e-con-boxed e-con e-parent\" data-id=\"aff0fd1\" data-element_type=\"container\" data-e-type=\"container\">\n\t\t\t\t\t<div class=\"e-con-inner\">\n\t\t<div class=\"elementor-element elementor-element-3cc829bd e-flex e-con-boxed e-con e-child\" data-id=\"3cc829bd\" data-element_type=\"container\" data-e-type=\"container\">\n\t\t\t\t\t<div class=\"e-con-inner\">\n\t\t\t\t<div class=\"elementor-element elementor-element-68d35c9a elementor-widget elementor-widget-bixola_heading\" data-id=\"68d35c9a\" data-element_type=\"widget\" data-e-type=\"widget\" data-widget_type=\"bixola_heading.default\">\n\t\t\t\t<div class=\"elementor-widget-container\">\n\t\t\t\t\t\r\n        \r\n            <div class=\"bixola-el-section section-title\">\r\n                                <h2 class=\"bixola-el-title section-title__title\">Outros Produtos<\/h2>            <\/div>\r\n\r\n        \r\n        \t\t\t\t<\/div>\n\t\t\t\t<\/div>\n\t\t\t\t\t<\/div>\n\t\t\t\t<\/div>\n\t\t<div class=\"elementor-element elementor-element-7af7c2ae e-flex e-con-boxed e-con e-child\" data-id=\"7af7c2ae\" data-element_type=\"container\" data-e-type=\"container\">\n\t\t\t\t\t<div class=\"e-con-inner\">\n\t\t<div class=\"elementor-element elementor-element-3275fc6b e-flex e-con-boxed e-con e-child\" data-id=\"3275fc6b\" data-element_type=\"container\" data-e-type=\"container\">\n\t\t\t\t\t<div class=\"e-con-inner\">\n\t\t\t\t<div class=\"elementor-element elementor-element-228e810f elementor-widget elementor-widget-bixola_portfolio\" data-id=\"228e810f\" data-element_type=\"widget\" data-e-type=\"widget\" data-widget_type=\"bixola_portfolio.default\">\n\t\t\t\t<div class=\"elementor-widget-container\">\n\t\t\t\t\t\r\n            \r\n                <div class=\"bixola-el-section portfolio-three__single\">\r\n                    <div class=\"portfolio-three__img-box\">\r\n                        <div class=\"portfolio-three__img\">\r\n                            <img decoding=\"async\" src=\"https:\/\/teste.inidea.pt\/wp-content\/uploads\/2025\/05\/Trifasica.webp\" alt=\"\">\r\n                        <\/div>\r\n                    <\/div>\r\n                    <div class=\"portfolio-three__content\">\r\n                        <p class=\"portfolio-three__sub-title\">\r\n                            Ver Detalhes                        <\/p>\r\n                        <h3 class=\"portfolio-three__title\">\r\n                            <a href=\"https:\/\/teste.inidea.pt\/pt_pt\/trifasica\/\" target=\"_self\" rel=\"nofollow\">\r\n                                Trif\u00e1sica                            <\/a>\r\n                        <\/h3>\r\n                    <\/div>\r\n                <\/div>\r\n\r\n            \r\n\t\t\t\t\t\t<\/div>\n\t\t\t\t<\/div>\n\t\t\t\t\t<\/div>\n\t\t\t\t<\/div>\n\t\t<div class=\"elementor-element elementor-element-a4d0fb5 e-flex e-con-boxed e-con e-child\" data-id=\"a4d0fb5\" data-element_type=\"container\" data-e-type=\"container\">\n\t\t\t\t\t<div class=\"e-con-inner\">\n\t\t\t\t<div class=\"elementor-element elementor-element-7aa05035 elementor-widget elementor-widget-bixola_portfolio\" data-id=\"7aa05035\" data-element_type=\"widget\" data-e-type=\"widget\" data-widget_type=\"bixola_portfolio.default\">\n\t\t\t\t<div class=\"elementor-widget-container\">\n\t\t\t\t\t\r\n            \r\n                <div class=\"bixola-el-section portfolio-three__single\">\r\n                    <div class=\"portfolio-three__img-box\">\r\n                        <div class=\"portfolio-three__img\">\r\n                            <img decoding=\"async\" src=\"https:\/\/teste.inidea.pt\/wp-content\/uploads\/2025\/05\/monofasica.webp\" alt=\"monof\u00e1sica\">\r\n                        <\/div>\r\n                    <\/div>\r\n                    <div class=\"portfolio-three__content\">\r\n                        <p class=\"portfolio-three__sub-title\">\r\n                            Ver Detalhes                        <\/p>\r\n                        <h3 class=\"portfolio-three__title\">\r\n                            <a href=\"https:\/\/teste.inidea.pt\/pt_pt\/trifasica-monofasica-2\/\" target=\"_self\" rel=\"nofollow\">\r\n                                Monof\u00e1sica                            <\/a>\r\n                        <\/h3>\r\n                    <\/div>\r\n                <\/div>\r\n\r\n            \r\n\t\t\t\t\t\t<\/div>\n\t\t\t\t<\/div>\n\t\t\t\t\t<\/div>\n\t\t\t\t<\/div>\n\t\t<div class=\"elementor-element elementor-element-8b20993 e-flex e-con-boxed e-con e-child\" data-id=\"8b20993\" data-element_type=\"container\" data-e-type=\"container\">\n\t\t\t\t\t<div class=\"e-con-inner\">\n\t\t\t\t<div class=\"elementor-element elementor-element-31ab7057 elementor-widget elementor-widget-bixola_portfolio\" data-id=\"31ab7057\" data-element_type=\"widget\" data-e-type=\"widget\" data-widget_type=\"bixola_portfolio.default\">\n\t\t\t\t<div class=\"elementor-widget-container\">\n\t\t\t\t\t\r\n            \r\n                <div class=\"bixola-el-section portfolio-three__single\">\r\n                    <div class=\"portfolio-three__img-box\">\r\n                        <div class=\"portfolio-three__img\">\r\n                            <img decoding=\"async\" src=\"https:\/\/teste.inidea.pt\/wp-content\/uploads\/2025\/05\/Trifasica-monofasica.webp\" alt=\"\">\r\n                        <\/div>\r\n                    <\/div>\r\n                    <div class=\"portfolio-three__content\">\r\n                        <p class=\"portfolio-three__sub-title\">\r\n                            Ver Detalhes                        <\/p>\r\n                        <h3 class=\"portfolio-three__title\">\r\n                            <a href=\"https:\/\/teste.inidea.pt\/pt_pt\/trifasica-monofasica-2\/\" target=\"_self\" rel=\"nofollow\">\r\n                                Trif\u00e1sica\/Monof\u00e1sica                            <\/a>\r\n                        <\/h3>\r\n                    <\/div>\r\n                <\/div>\r\n\r\n            \r\n\t\t\t\t\t\t<\/div>\n\t\t\t\t<\/div>\n\t\t\t\t\t<\/div>\n\t\t\t\t<\/div>\n\t\t\t\t\t<\/div>\n\t\t\t\t<\/div>\n\t\t\t\t\t<\/div>\n\t\t\t\t<\/div>\n\t\t\t\t<\/div>\n\t\t","protected":false},"excerpt":{"rendered":"<p>Baterias de Condensadores Filtros de harm\u00f3nicos \u00c9 a solu\u00e7\u00e3o ideal para eliminar os harm\u00f3nicos, especialmente o 3\u00ba harm\u00f3nico no neutro, gerados essencialmente pelas cargas n\u00e3o lineares, hoje t\u00e3o vulgarizadas em ambientes de escrit\u00f3rio, dado o uso sistem\u00e1tico de equipamentos inform\u00e1ticos em qualquer tipo de actividade. Dispon\u00edvel desde os 15 at\u00e9 aos 90 KVA. Solicitar Or\u00e7amento [&hellip;]<\/p>\n","protected":false},"author":1,"featured_media":0,"parent":0,"menu_order":0,"comment_status":"closed","ping_status":"closed","template":"","meta":{"footnotes":""},"class_list":["post-1247","page","type-page","status-publish","hentry"],"_links":{"self":[{"href":"https:\/\/teste.inidea.pt\/pt_pt\/wp-json\/wp\/v2\/pages\/1247","targetHints":{"allow":["GET"]}}],"collection":[{"href":"https:\/\/teste.inidea.pt\/pt_pt\/wp-json\/wp\/v2\/pages"}],"about":[{"href":"https:\/\/teste.inidea.pt\/pt_pt\/wp-json\/wp\/v2\/types\/page"}],"author":[{"embeddable":true,"href":"https:\/\/teste.inidea.pt\/pt_pt\/wp-json\/wp\/v2\/users\/1"}],"replies":[{"embeddable":true,"href":"https:\/\/teste.inidea.pt\/pt_pt\/wp-json\/wp\/v2\/comments?post=1247"}],"version-history":[{"count":4,"href":"https:\/\/teste.inidea.pt\/pt_pt\/wp-json\/wp\/v2\/pages\/1247\/revisions"}],"predecessor-version":[{"id":1252,"href":"https:\/\/teste.inidea.pt\/pt_pt\/wp-json\/wp\/v2\/pages\/1247\/revisions\/1252"}],"wp:attachment":[{"href":"https:\/\/teste.inidea.pt\/pt_pt\/wp-json\/wp\/v2\/media?parent=1247"}],"curies":[{"name":"wp","href":"https:\/\/api.w.org\/{rel}","templated":true}]}}