{"id":226,"date":"2024-06-21T12:51:43","date_gmt":"2024-06-21T12:51:43","guid":{"rendered":"https:\/\/twinkletheme.com\/themeforest\/wp\/elementor\/bixola\/?page_id=226"},"modified":"2026-04-11T14:53:12","modified_gmt":"2026-04-11T14:53:12","slug":"produtos","status":"publish","type":"page","link":"https:\/\/teste.inidea.pt\/pt_pt\/produtos\/","title":{"rendered":"Produtos"},"content":{"rendered":"\t\t<div data-elementor-type=\"wp-page\" data-elementor-id=\"226\" class=\"elementor elementor-226\" data-elementor-post-type=\"page\">\n\t\t\t\t<div class=\"elementor-element elementor-element-419f954 e-con-full e-flex e-con e-parent\" data-id=\"419f954\" data-element_type=\"container\" data-e-type=\"container\">\n\t\t\t\t<div class=\"elementor-element elementor-element-605e0bf elementor-widget elementor-widget-bixola_portfolio_masonry\" data-id=\"605e0bf\" data-element_type=\"widget\" data-e-type=\"widget\" data-widget_type=\"bixola_portfolio_masonry.default\">\n\t\t\t\t<div class=\"elementor-widget-container\">\n\t\t\t\t\t\r\n        \r\n            <section class=\"bixola-el-section portfolio-page\">\r\n                <div class=\"container\">\r\n                    <div class=\"portfolio-page__top\">\r\n                        <div class=\"portfolio-page__filter-box\">\r\n                                                        <ul class=\"portfolio-page__filter style1 post-filter list-unstyled clearfix\">\r\n                                <li data-filter=\".filter-item\" class=\"active\">\r\n                                    <span class=\"filter-text\">Categoria de produto<\/span>\r\n                                <\/li>\r\n                                                                    <li data-filter=\".1\">\r\n                                        <span class=\"filter-text\">\r\n                                            Retificadores e Conversores                                        <\/span>\r\n                                    <\/li>\r\n                                                                    <li data-filter=\".2\">\r\n                                        <span class=\"filter-text\">\r\n                                            CPSS-Sistemas de Emerg\u00eancia                                        <\/span>\r\n                                    <\/li>\r\n                                                                    <li data-filter=\".3\">\r\n                                        <span class=\"filter-text\">\r\n                                            UPS \u2013 Uninterruptible Power Supply                                        <\/span>\r\n                                    <\/li>\r\n                                                            <\/ul>\r\n                        <\/div>\r\n                    <\/div>\r\n                    <div class=\"row filter-layout\">\r\n                                                <div class=\"col-xl-4 col-lg-4 col-md-6 col-sm-12 3 filter-item\">\r\n                            <div class=\"portfolio-three__single\">\r\n                                <div class=\"portfolio-three__img-box\">\r\n                                    <div class=\"portfolio-three__img\">\r\n                                        <img decoding=\"async\" src=\"https:\/\/teste.inidea.pt\/wp-content\/uploads\/2025\/05\/monofasica.webp\" alt=\"monof\u00e1sica\">\r\n                                    <\/div>\r\n                                <\/div>\r\n                                <div class=\"portfolio-three__content\">\r\n                                                                            <p class=\"portfolio-three__sub-title\">\r\n                                            Ver Detalhes                                        <\/p>\r\n                                                                        <h3 class=\"portfolio-three__title\">\r\n                                        <a target=\"_self\" rel=\"nofollow\" href=\"https:\/\/teste.inidea.pt\/pt_pt\/monofasica\/\">\r\n                                            Monof\u00e1sica                                        <\/a>\r\n                                    <\/h3>\r\n                                <\/div>\r\n                            <\/div>\r\n                        <\/div>\r\n                                                <div class=\"col-xl-4 col-lg-4 col-md-6 col-sm-12 3 filter-item\">\r\n                            <div class=\"portfolio-three__single\">\r\n                                <div class=\"portfolio-three__img-box\">\r\n                                    <div class=\"portfolio-three__img\">\r\n                                        <img decoding=\"async\" src=\"https:\/\/teste.inidea.pt\/wp-content\/uploads\/2025\/05\/Trifasica-monofasica.webp\" alt=\"\">\r\n                                    <\/div>\r\n                                <\/div>\r\n                                <div class=\"portfolio-three__content\">\r\n                                                                            <p class=\"portfolio-three__sub-title\">\r\n                                            Ver Detalhes                                        <\/p>\r\n                                                                        <h3 class=\"portfolio-three__title\">\r\n                                        <a target=\"_self\" rel=\"nofollow\" href=\"https:\/\/teste.inidea.pt\/pt_pt\/trifasica-monofasica-2\/\">\r\n                                            Trif\u00e1sica\/Monof\u00e1sica                                        <\/a>\r\n                                    <\/h3>\r\n                                <\/div>\r\n                            <\/div>\r\n                        <\/div>\r\n                                                <div class=\"col-xl-4 col-lg-4 col-md-6 col-sm-12 3 filter-item\">\r\n                            <div class=\"portfolio-three__single\">\r\n                                <div class=\"portfolio-three__img-box\">\r\n                                    <div class=\"portfolio-three__img\">\r\n                                        <img decoding=\"async\" src=\"https:\/\/teste.inidea.pt\/wp-content\/uploads\/2025\/05\/Trifasica.webp\" alt=\"\">\r\n                                    <\/div>\r\n                                <\/div>\r\n                                <div class=\"portfolio-three__content\">\r\n                                                                            <p class=\"portfolio-three__sub-title\">\r\n                                            Ver Detalhes                                        <\/p>\r\n                                                                        <h3 class=\"portfolio-three__title\">\r\n                                        <a target=\"_self\" rel=\"nofollow\" href=\"https:\/\/teste.inidea.pt\/pt_pt\/trifasica\/\">\r\n                                            Trif\u00e1sica                                        <\/a>\r\n                                    <\/h3>\r\n                                <\/div>\r\n                            <\/div>\r\n                        <\/div>\r\n                                                <div class=\"col-xl-4 col-lg-4 col-md-6 col-sm-12 3 filter-item\">\r\n                            <div class=\"portfolio-three__single\">\r\n                                <div class=\"portfolio-three__img-box\">\r\n                                    <div class=\"portfolio-three__img\">\r\n                                        <img decoding=\"async\" src=\"https:\/\/teste.inidea.pt\/wp-content\/uploads\/2025\/05\/UPS-Modulares.webp\" alt=\"\">\r\n                                    <\/div>\r\n                                <\/div>\r\n                                <div class=\"portfolio-three__content\">\r\n                                                                            <p class=\"portfolio-three__sub-title\">\r\n                                            Ver Detalhes                                        <\/p>\r\n                                                                        <h3 class=\"portfolio-three__title\">\r\n                                        <a target=\"_self\" rel=\"nofollow\" href=\"https:\/\/teste.inidea.pt\/pt_pt\/ups-modulares\/\">\r\n                                            UPS Modulares                                        <\/a>\r\n                                    <\/h3>\r\n                                <\/div>\r\n                            <\/div>\r\n                        <\/div>\r\n                                                <div class=\"col-xl-4 col-lg-4 col-md-6 col-sm-12 2 filter-item\">\r\n                            <div class=\"portfolio-three__single\">\r\n                                <div class=\"portfolio-three__img-box\">\r\n                                    <div class=\"portfolio-three__img\">\r\n                                        <img decoding=\"async\" src=\"https:\/\/teste.inidea.pt\/wp-content\/uploads\/2025\/05\/Mastersystem-CPSS.webp\" alt=\"\">\r\n                                    <\/div>\r\n                                <\/div>\r\n                                <div class=\"portfolio-three__content\">\r\n                                                                            <p class=\"portfolio-three__sub-title\">\r\n                                            Ver Detalhes                                        <\/p>\r\n                                                                        <h3 class=\"portfolio-three__title\">\r\n                                        <a target=\"_self\" rel=\"nofollow\" href=\"https:\/\/teste.inidea.pt\/pt_pt\/mastersystem-cpss\/\">\r\n                                            Mastersystem CPSS                                        <\/a>\r\n                                    <\/h3>\r\n                                <\/div>\r\n                            <\/div>\r\n                        <\/div>\r\n                                                <div class=\"col-xl-4 col-lg-4 col-md-6 col-sm-12 4 filter-item\">\r\n                            <div class=\"portfolio-three__single\">\r\n                                <div class=\"portfolio-three__img-box\">\r\n                                    <div class=\"portfolio-three__img\">\r\n                                        <img decoding=\"async\" src=\"https:\/\/teste.inidea.pt\/wp-content\/uploads\/2025\/05\/Iluminacao-Seguranca-e-Incendios-cpss.webp\" alt=\"\">\r\n                                    <\/div>\r\n                                <\/div>\r\n                                <div class=\"portfolio-three__content\">\r\n                                                                            <p class=\"portfolio-three__sub-title\">\r\n                                            Ver Detalhes                                        <\/p>\r\n                                                                        <h3 class=\"portfolio-three__title\">\r\n                                        <a target=\"_self\" rel=\"nofollow\" href=\"https:\/\/teste.inidea.pt\/pt_pt\/iluminacao-seguranca-e-incendios\/\">\r\n                                            Ilumina\u00e7\u00e3o, Seguran\u00e7a e Inc\u00eandios                                        <\/a>\r\n                                    <\/h3>\r\n                                <\/div>\r\n                            <\/div>\r\n                        <\/div>\r\n                                                <div class=\"col-xl-4 col-lg-4 col-md-6 col-sm-12 4 filter-item\">\r\n                            <div class=\"portfolio-three__single\">\r\n                                <div class=\"portfolio-three__img-box\">\r\n                                    <div class=\"portfolio-three__img\">\r\n                                        <img decoding=\"async\" src=\"https:\/\/teste.inidea.pt\/wp-content\/uploads\/2025\/05\/Domotica-cpss.webp\" alt=\"\">\r\n                                    <\/div>\r\n                                <\/div>\r\n                                <div class=\"portfolio-three__content\">\r\n                                                                            <p class=\"portfolio-three__sub-title\">\r\n                                            Ver Detalhes                                        <\/p>\r\n                                                                        <h3 class=\"portfolio-three__title\">\r\n                                        <a target=\"_self\" rel=\"nofollow\" href=\"https:\/\/teste.inidea.pt\/pt_pt\/domotica\/\">\r\n                                            Dom\u00f3tica                                        <\/a>\r\n                                    <\/h3>\r\n                                <\/div>\r\n                            <\/div>\r\n                        <\/div>\r\n                                                <div class=\"col-xl-4 col-lg-4 col-md-6 col-sm-12 4 filter-item\">\r\n                            <div class=\"portfolio-three__single\">\r\n                                <div class=\"portfolio-three__img-box\">\r\n                                    <div class=\"portfolio-three__img\">\r\n                                        <img decoding=\"async\" src=\"https:\/\/teste.inidea.pt\/wp-content\/uploads\/2025\/05\/Anti-Inundacao.webp\" alt=\"\">\r\n                                    <\/div>\r\n                                <\/div>\r\n                                <div class=\"portfolio-three__content\">\r\n                                                                            <p class=\"portfolio-three__sub-title\">\r\n                                            Ver Detalhes                                        <\/p>\r\n                                                                        <h3 class=\"portfolio-three__title\">\r\n                                        <a target=\"_self\" rel=\"nofollow\" href=\"https:\/\/teste.inidea.pt\/pt_pt\/anti-inundacao\/\">\r\n                                            Anti Inunda\u00e7\u00e3o                                        <\/a>\r\n                                    <\/h3>\r\n                                <\/div>\r\n                            <\/div>\r\n                        <\/div>\r\n                                                <div class=\"col-xl-4 col-lg-4 col-md-6 col-sm-12 2 filter-item\">\r\n                            <div class=\"portfolio-three__single\">\r\n                                <div class=\"portfolio-three__img-box\">\r\n                                    <div class=\"portfolio-three__img\">\r\n                                        <img decoding=\"async\" src=\"https:\/\/teste.inidea.pt\/wp-content\/uploads\/2025\/05\/Filtros-de-harmonicos.webp\" alt=\"\">\r\n                                    <\/div>\r\n                                <\/div>\r\n                                <div class=\"portfolio-three__content\">\r\n                                                                            <p class=\"portfolio-three__sub-title\">\r\n                                            Ver Detalhes                                        <\/p>\r\n                                                                        <h3 class=\"portfolio-three__title\">\r\n                                        <a target=\"_self\" rel=\"nofollow\" href=\"https:\/\/teste.inidea.pt\/pt_pt\/filtros-de-harmonicos\/\">\r\n                                            Filtros de harm\u00f3nicos                                        <\/a>\r\n                                    <\/h3>\r\n                                <\/div>\r\n                            <\/div>\r\n                        <\/div>\r\n                                                <div class=\"col-xl-4 col-lg-4 col-md-6 col-sm-12 1 filter-item\">\r\n                            <div class=\"portfolio-three__single\">\r\n                                <div class=\"portfolio-three__img-box\">\r\n                                    <div class=\"portfolio-three__img\">\r\n                                        <img decoding=\"async\" src=\"https:\/\/teste.inidea.pt\/wp-content\/uploads\/2025\/05\/Rectificadores-Carregadores-baterias.webp\" alt=\"\">\r\n                                    <\/div>\r\n                                <\/div>\r\n                                <div class=\"portfolio-three__content\">\r\n                                                                            <p class=\"portfolio-three__sub-title\">\r\n                                            Ver Detalhes                                        <\/p>\r\n                                                                        <h3 class=\"portfolio-three__title\">\r\n                                        <a target=\"_self\" rel=\"nofollow\" href=\"https:\/\/teste.inidea.pt\/pt_pt\/rectificadores-ac-dc-e-carregadores-de-baterias\/\">\r\n                                            Rectificadores AC\/DC e Carregadores de baterias                                        <\/a>\r\n                                    <\/h3>\r\n                                <\/div>\r\n                            <\/div>\r\n                        <\/div>\r\n                                                <div class=\"col-xl-4 col-lg-4 col-md-6 col-sm-12 1 filter-item\">\r\n                            <div class=\"portfolio-three__single\">\r\n                                <div class=\"portfolio-three__img-box\">\r\n                                    <div class=\"portfolio-three__img\">\r\n                                        <img decoding=\"async\" src=\"https:\/\/teste.inidea.pt\/wp-content\/uploads\/2025\/05\/Inversores-DC-AC.webp\" alt=\"\">\r\n                                    <\/div>\r\n                                <\/div>\r\n                                <div class=\"portfolio-three__content\">\r\n                                                                            <p class=\"portfolio-three__sub-title\">\r\n                                            Ver Detalhes                                        <\/p>\r\n                                                                        <h3 class=\"portfolio-three__title\">\r\n                                        <a target=\"_self\" rel=\"nofollow\" href=\"https:\/\/teste.inidea.pt\/pt_pt\/inversores-dc-ac\/\">\r\n                                            Inversores DC\/AC                                        <\/a>\r\n                                    <\/h3>\r\n                                <\/div>\r\n                            <\/div>\r\n                        <\/div>\r\n                                                <div class=\"col-xl-4 col-lg-4 col-md-6 col-sm-12 1 filter-item\">\r\n                            <div class=\"portfolio-three__single\">\r\n                                <div class=\"portfolio-three__img-box\">\r\n                                    <div class=\"portfolio-three__img\">\r\n                                        <img decoding=\"async\" src=\"https:\/\/teste.inidea.pt\/wp-content\/uploads\/2025\/05\/Conversores-DC-DC.webp\" alt=\"\">\r\n                                    <\/div>\r\n                                <\/div>\r\n                                <div class=\"portfolio-three__content\">\r\n                                                                            <p class=\"portfolio-three__sub-title\">\r\n                                            Ver Detalhes                                        <\/p>\r\n                                                                        <h3 class=\"portfolio-three__title\">\r\n                                        <a target=\"_self\" rel=\"nofollow\" href=\"https:\/\/teste.inidea.pt\/pt_pt\/conversores-dc-dc\/\">\r\n                                            Conversores DC\/DC                                        <\/a>\r\n                                    <\/h3>\r\n                                <\/div>\r\n                            <\/div>\r\n                        <\/div>\r\n                                                <div class=\"col-xl-4 col-lg-4 col-md-6 col-sm-12 1 filter-item\">\r\n                            <div class=\"portfolio-three__single\">\r\n                                <div class=\"portfolio-three__img-box\">\r\n                                    <div class=\"portfolio-three__img\">\r\n                                        <img decoding=\"async\" src=\"https:\/\/teste.inidea.pt\/wp-content\/uploads\/2025\/05\/Conversores-frequencia.webp\" alt=\"\">\r\n                                    <\/div>\r\n                                <\/div>\r\n                                <div class=\"portfolio-three__content\">\r\n                                                                            <p class=\"portfolio-three__sub-title\">\r\n                                            Ver Detalhes                                        <\/p>\r\n                                                                        <h3 class=\"portfolio-three__title\">\r\n                                        <a target=\"_self\" rel=\"nofollow\" href=\"https:\/\/teste.inidea.pt\/pt_pt\/conversores-de-frequencia\/\">\r\n                                            Conversores de frequ\u00eancia                                        <\/a>\r\n                                    <\/h3>\r\n                                <\/div>\r\n                            <\/div>\r\n                        <\/div>\r\n                                            <\/div>\r\n                <\/div>\r\n            <\/section>\r\n\r\n        \t\t\t\t<\/div>\n\t\t\t\t<\/div>\n\t\t\t\t<\/div>\n\t\t\t\t<\/div>\n\t\t","protected":false},"excerpt":{"rendered":"<p>Categoria de produto Retificadores e Conversores CPSS-Sistemas de Emerg\u00eancia UPS \u2013 Uninterruptible Power Supply Ver Detalhes Monof\u00e1sica Ver Detalhes Trif\u00e1sica\/Monof\u00e1sica Ver Detalhes Trif\u00e1sica Ver Detalhes UPS Modulares Ver Detalhes Mastersystem CPSS Ver Detalhes Ilumina\u00e7\u00e3o, Seguran\u00e7a e Inc\u00eandios Ver Detalhes Dom\u00f3tica Ver Detalhes Anti Inunda\u00e7\u00e3o Ver Detalhes Filtros de harm\u00f3nicos Ver Detalhes Rectificadores AC\/DC e Carregadores [&hellip;]<\/p>\n","protected":false},"author":1,"featured_media":0,"parent":0,"menu_order":0,"comment_status":"closed","ping_status":"closed","template":"elementor_header_footer","meta":{"footnotes":""},"class_list":["post-226","page","type-page","status-publish","hentry"],"_links":{"self":[{"href":"https:\/\/teste.inidea.pt\/pt_pt\/wp-json\/wp\/v2\/pages\/226","targetHints":{"allow":["GET"]}}],"collection":[{"href":"https:\/\/teste.inidea.pt\/pt_pt\/wp-json\/wp\/v2\/pages"}],"about":[{"href":"https:\/\/teste.inidea.pt\/pt_pt\/wp-json\/wp\/v2\/types\/page"}],"author":[{"embeddable":true,"href":"https:\/\/teste.inidea.pt\/pt_pt\/wp-json\/wp\/v2\/users\/1"}],"replies":[{"embeddable":true,"href":"https:\/\/teste.inidea.pt\/pt_pt\/wp-json\/wp\/v2\/comments?post=226"}],"version-history":[{"count":47,"href":"https:\/\/teste.inidea.pt\/pt_pt\/wp-json\/wp\/v2\/pages\/226\/revisions"}],"predecessor-version":[{"id":1488,"href":"https:\/\/teste.inidea.pt\/pt_pt\/wp-json\/wp\/v2\/pages\/226\/revisions\/1488"}],"wp:attachment":[{"href":"https:\/\/teste.inidea.pt\/pt_pt\/wp-json\/wp\/v2\/media?parent=226"}],"curies":[{"name":"wp","href":"https:\/\/api.w.org\/{rel}","templated":true}]}}