{"id":23,"date":"2024-06-03T12:28:15","date_gmt":"2024-06-03T12:28:15","guid":{"rendered":"https:\/\/twinkletheme.com\/themeforest\/wp\/elementor\/bixola\/?page_id=23"},"modified":"2026-04-11T10:58:48","modified_gmt":"2026-04-11T10:58:48","slug":"revendedores","status":"publish","type":"page","link":"https:\/\/teste.inidea.pt\/pt_pt\/revendedores\/","title":{"rendered":"Revendedores"},"content":{"rendered":"\t\t<div data-elementor-type=\"wp-page\" data-elementor-id=\"23\" class=\"elementor elementor-23\" data-elementor-post-type=\"page\">\n\t\t\t\t<div class=\"elementor-element elementor-element-76bea3b e-con-full e-flex e-con e-parent\" data-id=\"76bea3b\" data-element_type=\"container\" data-e-type=\"container\">\n\t\t\t\t<div class=\"elementor-element elementor-element-3d3e884 elementor-widget elementor-widget-bixola_work_process\" data-id=\"3d3e884\" data-element_type=\"widget\" data-e-type=\"widget\" data-widget_type=\"bixola_work_process.default\">\n\t\t\t\t<div class=\"elementor-widget-container\">\n\t\t\t\t\t\r\n            <section class=\"bixola-el-section process-one\">\r\n                <div class=\"container\">\r\n                                            <h3 class=\"section__title-two\">\r\n                            Vantagens para os revendedores inform\u00e1ticos:                        <\/h3>\r\n                                        <div class=\"process-one__inner\">\r\n                                                <div class=\"row\">\r\n                                                            <div class=\"col-xl-3 col-lg-6 col-md-6\">\r\n                                    <div class=\"process-one__single\">\r\n                                        <div class=\"process-one__count\"><\/div>\r\n                                                                                    <h3 class=\"process-one__title\">\r\n                                                Produtos                                            <\/h3>\r\n                                                                                                                            <p class=\"process-one__text\">Pre\u00e7os Competitivos<br>\n Caracter\u00edsticas t\u00e9cnicas \u00fanicas<br>\n Qualidade dos equipamentos, com todas as certifica\u00e7\u00f5es necess\u00e1rias<br>\n Obedi\u00eancia a todas as normas <br>portuguesas e europeias<\/p>\r\n                                                                            <\/div>\r\n                                <\/div>\r\n                                                            <div class=\"col-xl-3 col-lg-6 col-md-6\">\r\n                                    <div class=\"process-one__single\">\r\n                                        <div class=\"process-one__count\"><\/div>\r\n                                                                                    <h3 class=\"process-one__title\">\r\n                                                Pol\u00edtica comercial                                            <\/h3>\r\n                                                                                                                            <p class=\"process-one__text\"> Comercializa\u00e7\u00e3o e assist\u00eancia t\u00e9cnica totalmente  dedicada \u00e0 rede de revendedores e parceiros\n<\/p>\r\n                                                                            <\/div>\r\n                                <\/div>\r\n                                                            <div class=\"col-xl-3 col-lg-6 col-md-6\">\r\n                                    <div class=\"process-one__single\">\r\n                                        <div class=\"process-one__count\"><\/div>\r\n                                                                                    <h3 class=\"process-one__title\">\r\n                                                Apoio na comercializa\u00e7\u00e3o e suporte P\u00f3s-Venda                                            <\/h3>\r\n                                                                                                                            <p class=\"process-one__text\"> Dimensionamento das m\u00e1quinas conforme aplica\u00e7\u00f5es<br>\n Apoio comercial, t\u00e9cnico, log\u00edstico e de stocks<br>\n Funcionamento como departamento especializado do pr\u00f3prio revendedor, garantindo boas margens, sem custos fixos e encargos associados<\/p>\r\n                                                                            <\/div>\r\n                                <\/div>\r\n                                                            <div class=\"col-xl-3 col-lg-6 col-md-6\">\r\n                                    <div class=\"process-one__single\">\r\n                                        <div class=\"process-one__count\"><\/div>\r\n                                                                                    <h3 class=\"process-one__title\">\r\n                                                Assist\u00eancia t\u00e9cnica                                            <\/h3>\r\n                                                                                                                            <p class=\"process-one__text\">Garantias 100% cobertas durante o per\u00edodo de garantia<br>\n  Avarias com substitui\u00e7\u00e3o imediata<br>\n  Assist\u00eancia p\u00f3s-venda personalizada<br>\n  Assist\u00eancia a qualquer marca de UPS's<br>\n  Or\u00e7amentos gratuitos<br>\n  Mais-valia para os Agentes nas <br>repara\u00e7\u00f5es de UPS's<\/p>\r\n                                                                            <\/div>\r\n                                <\/div>\r\n                                                    <\/div>\r\n                    <\/div>\r\n                <\/div>\r\n            <\/section>\r\n\r\n        \t\t\t\t<\/div>\n\t\t\t\t<\/div>\n\t\t\t\t<\/div>\n\t\t<div class=\"elementor-element elementor-element-29e8a96 e-con-full e-flex e-con e-parent\" data-id=\"29e8a96\" data-element_type=\"container\" data-e-type=\"container\">\n\t\t\t\t<div class=\"elementor-element elementor-element-9803e3e elementor-widget elementor-widget-bixola_brand_slider\" data-id=\"9803e3e\" data-element_type=\"widget\" data-e-type=\"widget\" data-widget_type=\"bixola_brand_slider.default\">\n\t\t\t\t<div class=\"elementor-widget-container\">\n\t\t\t\t\t\r\n        \r\n            <section class=\"brand-one brand-three\">\r\n                <div class=\"container\">\r\n                    <div class=\"brand-one__inner\">\r\n                        <div class=\"brand-one__carousel thm-owl__carousel owl-theme owl-carousel\">\r\n                                                        <div class=\"brand-one__single\">\r\n                                <div class=\"brand-one__img\">\r\n                                    <img decoding=\"async\" src=\"https:\/\/teste.inidea.pt\/wp-content\/uploads\/2025\/04\/ct-energy.webp\" alt=\"\">\r\n                                <\/div>\r\n                            <\/div>\r\n                                                        <div class=\"brand-one__single\">\r\n                                <div class=\"brand-one__img\">\r\n                                    <img decoding=\"async\" src=\"https:\/\/teste.inidea.pt\/wp-content\/uploads\/2025\/04\/tecnotrafo.webp\" alt=\"\">\r\n                                <\/div>\r\n                            <\/div>\r\n                                                        <div class=\"brand-one__single\">\r\n                                <div class=\"brand-one__img\">\r\n                                    <img decoding=\"async\" src=\"https:\/\/teste.inidea.pt\/wp-content\/uploads\/2025\/04\/brand-1-1placeholder-copiar.webp\" alt=\"\">\r\n                                <\/div>\r\n                            <\/div>\r\n                                                        <div class=\"brand-one__single\">\r\n                                <div class=\"brand-one__img\">\r\n                                    <img decoding=\"async\" src=\"https:\/\/teste.inidea.pt\/wp-content\/uploads\/2025\/04\/city-power.webp\" alt=\"\">\r\n                                <\/div>\r\n                            <\/div>\r\n                                                        <div class=\"brand-one__single\">\r\n                                <div class=\"brand-one__img\">\r\n                                    <img decoding=\"async\" src=\"https:\/\/teste.inidea.pt\/wp-content\/uploads\/2025\/04\/fmt-group.webp\" alt=\"\">\r\n                                <\/div>\r\n                            <\/div>\r\n                                                    <\/div>\r\n                    <\/div>\r\n                <\/div>\r\n            <\/section>\r\n\r\n        \t\t\t\t<\/div>\n\t\t\t\t<\/div>\n\t\t\t\t<\/div>\n\t\t\t\t<\/div>\n\t\t","protected":false},"excerpt":{"rendered":"<p>Vantagens para os revendedores inform\u00e1ticos: Produtos Pre\u00e7os Competitivos Caracter\u00edsticas t\u00e9cnicas \u00fanicas Qualidade dos equipamentos, com todas as certifica\u00e7\u00f5es necess\u00e1rias Obedi\u00eancia a todas as normas portuguesas e europeias Pol\u00edtica comercial Comercializa\u00e7\u00e3o e assist\u00eancia t\u00e9cnica totalmente dedicada \u00e0 rede de revendedores e parceiros Apoio na comercializa\u00e7\u00e3o e suporte P\u00f3s-Venda Dimensionamento das m\u00e1quinas conforme aplica\u00e7\u00f5es Apoio comercial, t\u00e9cnico, [&hellip;]<\/p>\n","protected":false},"author":1,"featured_media":0,"parent":0,"menu_order":0,"comment_status":"closed","ping_status":"closed","template":"elementor_header_footer","meta":{"footnotes":""},"class_list":["post-23","page","type-page","status-publish","hentry"],"_links":{"self":[{"href":"https:\/\/teste.inidea.pt\/pt_pt\/wp-json\/wp\/v2\/pages\/23","targetHints":{"allow":["GET"]}}],"collection":[{"href":"https:\/\/teste.inidea.pt\/pt_pt\/wp-json\/wp\/v2\/pages"}],"about":[{"href":"https:\/\/teste.inidea.pt\/pt_pt\/wp-json\/wp\/v2\/types\/page"}],"author":[{"embeddable":true,"href":"https:\/\/teste.inidea.pt\/pt_pt\/wp-json\/wp\/v2\/users\/1"}],"replies":[{"embeddable":true,"href":"https:\/\/teste.inidea.pt\/pt_pt\/wp-json\/wp\/v2\/comments?post=23"}],"version-history":[{"count":8,"href":"https:\/\/teste.inidea.pt\/pt_pt\/wp-json\/wp\/v2\/pages\/23\/revisions"}],"predecessor-version":[{"id":1465,"href":"https:\/\/teste.inidea.pt\/pt_pt\/wp-json\/wp\/v2\/pages\/23\/revisions\/1465"}],"wp:attachment":[{"href":"https:\/\/teste.inidea.pt\/pt_pt\/wp-json\/wp\/v2\/media?parent=23"}],"curies":[{"name":"wp","href":"https:\/\/api.w.org\/{rel}","templated":true}]}}