{"id":986,"date":"2025-05-01T14:57:27","date_gmt":"2025-05-01T14:57:27","guid":{"rendered":"https:\/\/teste.inidea.pt\/?page_id=986"},"modified":"2025-05-02T16:27:55","modified_gmt":"2025-05-02T16:27:55","slug":"ups-modulares","status":"publish","type":"page","link":"https:\/\/teste.inidea.pt\/pt_pt\/ups-modulares\/","title":{"rendered":"UPS Modulares"},"content":{"rendered":"\t\t<div data-elementor-type=\"wp-page\" data-elementor-id=\"986\" class=\"elementor elementor-986\" data-elementor-post-type=\"page\">\n\t\t\t\t<div class=\"elementor-element elementor-element-5fb7780 e-con-full e-flex e-con e-parent\" data-id=\"5fb7780\" data-element_type=\"container\" data-e-type=\"container\">\n\t\t\t\t<div class=\"elementor-element elementor-element-1caadca elementor-widget elementor-widget-bixola_portfolio_info\" data-id=\"1caadca\" data-element_type=\"widget\" data-e-type=\"widget\" data-widget_type=\"bixola_portfolio_info.default\">\n\t\t\t\t<div class=\"elementor-widget-container\">\n\t\t\t\t\t\r\n            <section class=\"bixola-el-section portfolio-details\">\r\n                <div class=\"container\">\r\n                    <div class=\"row\">\r\n                        <div class=\"col-xl-12\">\r\n                            <div class=\"portfolio-details__img\">\r\n                                <img decoding=\"async\" src=\"https:\/\/teste.inidea.pt\/wp-content\/uploads\/2025\/05\/UPS-Modulares-pagina.webp\" alt=\"\">\r\n                            <\/div>\r\n                        <\/div>\r\n                        <div class=\"portfolio-details__bottom\">\r\n                            <div class=\"row\">\r\n                                <div class=\"col-xl-8 col-lg-7\">\r\n                                    <div class=\"portfolio-details__left\">\r\n                                                                                    <p class=\"portfolio-details__sub-title\">\r\n                                                Unidade de Alimenta\u00e7\u00e3o Ininterrupta                                            <\/p>\r\n                                                                                                                            <h3 class=\"portfolio-details__title\">\r\n                                                UPS Modulares - MasterSystem Evolution \u2013 a UPS verdadeiramente modular e expans\u00edvel \u2026                                            <\/h3>\r\n                                                                                                                            <p class=\"portfolio-details__text-1\">\r\n                                                Estando dispon\u00edvel nas vers\u00f5es mono-mono, tri-mono e tri-tri, de acordo com os diferentes tipos de entrada e sa\u00edda pretendidos, a gama MasterSystem Evolution cresce por m\u00f3dulos de pot\u00eancia e de baterias, permitindo a expans\u00e3o em termos de pot\u00eancia e de autonomia, adaptando-se \u00e0 varia\u00e7\u00e3o das necessidades reais de cada cliente. O seu f\u00e1cil upgrade, atrav\u00e9s do simples paralelo de m\u00f3dulos de pot\u00eancia e\/ou baterias, pode ser feito a \u201cquente\u201d, sem necessidade de desligar o sistema, por qualquer utilizador, atrav\u00e9s dos M\u00f3dulos de pot\u00eancia e de baterias Plug-in\/Plug-out e Hot-Swap: Mod-Power e Mod-Bat  Com Evolution surge a possibilidade de obter Redund\u00e2ncia completa e o modo de funcionamento em paralelo redundante, atrav\u00e9s da redund\u00e2ncia dos pr\u00f3prios m\u00f3dulos de pot\u00eancia. Assim, \u00e9 f\u00e1cil obter uma m\u00e1xima Redund\u00e2ncia e Fiabilidade, dado que os m\u00f3dulos funcionam em paralelo redundante, ou seja a 50% de carga, sendo a totalidade da carga igualmente repartida e distribu\u00edda por todos os m\u00f3dulos de pot\u00eancia e, no caso de ocorr\u00eancia de falha ou avaria de um deles, os restantes assumem a totalidade da carga, garantido o funcionamento cont\u00ednuo do sistema e a alimenta\u00e7\u00e3o ininterrupta das cargas e equipamentos situados a jusante.  Possui elevadas capacidades de comunica\u00e7\u00e3o atrav\u00e9s de diversas interfaces de comunica\u00e7\u00e3o inclu\u00eddas, SNMP, RS232, contactos secos, etc. e com um Software de gest\u00e3o, monitoriza\u00e7\u00e3o e shut-down em rede, extremamente rico e completo.  Evolution \u00e9 a UPS mais indicada para as aplica\u00e7\u00f5es mais cr\u00edticas e de alto risco, como  telecomunica\u00e7\u00f5es, banca, ind\u00fastria, redes inform\u00e1ticas cr\u00edticas, servidores centrais, entre outras.  Evolution, a UPS modular, que evolui por m\u00f3dulos e que \u00e9 verdadeiramente ininterrupta\u2026  Evolution a verdadeira UPS \u2013 Uninterruptible Power Supply                                            <\/p>\r\n                                                                                                                            <p class=\"portfolio-details__text-2\">\r\n                                                <a href=\"https:\/\/www.ctel.pt\/orcamentos\"> Solicitar Or\u00e7amento <\/a>                                            <\/p>\r\n                                                                                <div class=\"portfolio-details__pagination-box\">\r\n                                            <ul class=\"portfolio-details__pagination list-unstyled clearfix\">\r\n                                                                                                                                            <\/ul>\r\n                                        <\/div>\r\n                                    <\/div>\r\n                                <\/div>\r\n                                <div class=\"col-xl-4 col-lg-5\">\r\n                                    <div class=\"portfolio-details__right\">\r\n                                        <div class=\"portfolio-details__information-box\">\r\n                                                                                        <ul class=\"portfolio-details__information list-unstyled\">\r\n                                                                                                                                                            <li>\r\n                                                                                                                            <div class=\"icon\">\r\n                                                                    <span aria-hidden=\"true\" class=\"fas fa-power-off fa-solid\"><\/span>                                                                <\/div>\r\n                                                                                                                        <div class=\"content\">\r\n                                                                <p>Pot\u00eancia:<\/p>\r\n                                                                <h4>Modular \u2013 expans\u00edvel conforme necessidade<\/h4>\r\n                                                            <\/div>\r\n                                                        <\/li>\r\n                                                                                                                                                                                                                <li>\r\n                                                                                                                            <div class=\"icon\">\r\n                                                                    <span aria-hidden=\"true\" class=\"fas fa-charging-station fa-solid\"><\/span>                                                                <\/div>\r\n                                                                                                                        <div class=\"content\">\r\n                                                                <p>Autonomia:<\/p>\r\n                                                                <h4>Expans\u00edvel com Mod-Bat (minutos a v\u00e1rias horas)<\/h4>\r\n                                                            <\/div>\r\n                                                        <\/li>\r\n                                                                                                                                                                                                                <li>\r\n                                                                                                                            <div class=\"icon\">\r\n                                                                    <span aria-hidden=\"true\" class=\"fas fa-robot fa-solid\"><\/span>                                                                <\/div>\r\n                                                                                                                        <div class=\"content\">\r\n                                                                <p>Tecnologia:<\/p>\r\n                                                                <h4>On-line VFI, paralelismo, Hot-Swap<\/h4>\r\n                                                            <\/div>\r\n                                                        <\/li>\r\n                                                                                                                                                                                                                <li>\r\n                                                                                                                            <div class=\"icon\">\r\n                                                                    <span aria-hidden=\"true\" class=\"fas fa-sitemap fa-solid\"><\/span>                                                                <\/div>\r\n                                                                                                                        <div class=\"content\">\r\n                                                                <p>Formatos:<\/p>\r\n                                                                <h4>Modular, Plug-in\/Plug-out<\/h4>\r\n                                                            <\/div>\r\n                                                        <\/li>\r\n                                                                                                                                                                                                                <li>\r\n                                                                                                                            <div class=\"icon\">\r\n                                                                    <span aria-hidden=\"true\" class=\" icon-website1 bixola-icons\"><\/span>                                                                <\/div>\r\n                                                                                                                        <div class=\"content\">\r\n                                                                <p>Modelos:<\/p>\r\n                                                                <h4>Evolution, Mod-Power, Mod-Bat<\/h4>\r\n                                                            <\/div>\r\n                                                        <\/li>\r\n                                                                                                                                                                                                                <li>\r\n                                                                                                                            <div class=\"icon\">\r\n                                                                    <span aria-hidden=\"true\" class=\"far fa-check-circle fa-regular\"><\/span>                                                                <\/div>\r\n                                                                                                                        <div class=\"content\">\r\n                                                                <p>Alta fiabilidade:<\/p>\r\n                                                                <h4>Opera\u00e7\u00e3o a 50% de carga por m\u00f3dulo, continuidade garantida<\/h4>\r\n                                                            <\/div>\r\n                                                        <\/li>\r\n                                                                                                                                                <\/ul>\r\n                                        <\/div>\r\n                                    <\/div>\r\n                                <\/div>\r\n                            <\/div>\r\n                        <\/div>\r\n                    <\/div>\r\n                <\/div>\r\n            <\/section>\r\n\r\n        \t\t\t\t<\/div>\n\t\t\t\t<\/div>\n\t\t\t\t<\/div>\n\t\t<div class=\"elementor-element elementor-element-aff0fd1 e-flex e-con-boxed e-con e-parent\" data-id=\"aff0fd1\" data-element_type=\"container\" data-e-type=\"container\">\n\t\t\t\t\t<div class=\"e-con-inner\">\n\t\t<div class=\"elementor-element elementor-element-3cc829bd e-flex e-con-boxed e-con e-child\" data-id=\"3cc829bd\" data-element_type=\"container\" data-e-type=\"container\">\n\t\t\t\t\t<div class=\"e-con-inner\">\n\t\t\t\t<div class=\"elementor-element elementor-element-68d35c9a elementor-widget elementor-widget-bixola_heading\" data-id=\"68d35c9a\" data-element_type=\"widget\" data-e-type=\"widget\" data-widget_type=\"bixola_heading.default\">\n\t\t\t\t<div class=\"elementor-widget-container\">\n\t\t\t\t\t\r\n        \r\n            <div class=\"bixola-el-section section-title\">\r\n                                <h2 class=\"bixola-el-title section-title__title\">Outros Produtos<\/h2>            <\/div>\r\n\r\n        \r\n        \t\t\t\t<\/div>\n\t\t\t\t<\/div>\n\t\t\t\t\t<\/div>\n\t\t\t\t<\/div>\n\t\t<div class=\"elementor-element elementor-element-7af7c2ae e-flex e-con-boxed e-con e-child\" data-id=\"7af7c2ae\" data-element_type=\"container\" data-e-type=\"container\">\n\t\t\t\t\t<div class=\"e-con-inner\">\n\t\t<div class=\"elementor-element elementor-element-3275fc6b e-flex e-con-boxed e-con e-child\" data-id=\"3275fc6b\" data-element_type=\"container\" data-e-type=\"container\">\n\t\t\t\t\t<div class=\"e-con-inner\">\n\t\t\t\t<div class=\"elementor-element elementor-element-228e810f elementor-widget elementor-widget-bixola_portfolio\" data-id=\"228e810f\" data-element_type=\"widget\" data-e-type=\"widget\" data-widget_type=\"bixola_portfolio.default\">\n\t\t\t\t<div class=\"elementor-widget-container\">\n\t\t\t\t\t\r\n            \r\n                <div class=\"bixola-el-section portfolio-three__single\">\r\n                    <div class=\"portfolio-three__img-box\">\r\n                        <div class=\"portfolio-three__img\">\r\n                            <img decoding=\"async\" src=\"https:\/\/teste.inidea.pt\/wp-content\/uploads\/2025\/05\/Trifasica.webp\" alt=\"\">\r\n                        <\/div>\r\n                    <\/div>\r\n                    <div class=\"portfolio-three__content\">\r\n                        <p class=\"portfolio-three__sub-title\">\r\n                            Ver Detalhes                        <\/p>\r\n                        <h3 class=\"portfolio-three__title\">\r\n                            <a href=\"https:\/\/teste.inidea.pt\/pt_pt\/trifasica\/\" target=\"_self\" rel=\"nofollow\">\r\n                                Trif\u00e1sica                            <\/a>\r\n                        <\/h3>\r\n                    <\/div>\r\n                <\/div>\r\n\r\n            \r\n\t\t\t\t\t\t<\/div>\n\t\t\t\t<\/div>\n\t\t\t\t\t<\/div>\n\t\t\t\t<\/div>\n\t\t<div class=\"elementor-element elementor-element-a4d0fb5 e-flex e-con-boxed e-con e-child\" data-id=\"a4d0fb5\" data-element_type=\"container\" data-e-type=\"container\">\n\t\t\t\t\t<div class=\"e-con-inner\">\n\t\t\t\t<div class=\"elementor-element elementor-element-7aa05035 elementor-widget elementor-widget-bixola_portfolio\" data-id=\"7aa05035\" data-element_type=\"widget\" data-e-type=\"widget\" data-widget_type=\"bixola_portfolio.default\">\n\t\t\t\t<div class=\"elementor-widget-container\">\n\t\t\t\t\t\r\n            \r\n                <div class=\"bixola-el-section portfolio-three__single\">\r\n                    <div class=\"portfolio-three__img-box\">\r\n                        <div class=\"portfolio-three__img\">\r\n                            <img decoding=\"async\" src=\"https:\/\/teste.inidea.pt\/wp-content\/uploads\/2025\/05\/monofasica.webp\" alt=\"monof\u00e1sica\">\r\n                        <\/div>\r\n                    <\/div>\r\n                    <div class=\"portfolio-three__content\">\r\n                        <p class=\"portfolio-three__sub-title\">\r\n                            Ver Detalhes                        <\/p>\r\n                        <h3 class=\"portfolio-three__title\">\r\n                            <a href=\"https:\/\/teste.inidea.pt\/pt_pt\/trifasica-monofasica-2\/\" target=\"_self\" rel=\"nofollow\">\r\n                                Monof\u00e1sica                            <\/a>\r\n                        <\/h3>\r\n                    <\/div>\r\n                <\/div>\r\n\r\n            \r\n\t\t\t\t\t\t<\/div>\n\t\t\t\t<\/div>\n\t\t\t\t\t<\/div>\n\t\t\t\t<\/div>\n\t\t<div class=\"elementor-element elementor-element-8b20993 e-flex e-con-boxed e-con e-child\" data-id=\"8b20993\" data-element_type=\"container\" data-e-type=\"container\">\n\t\t\t\t\t<div class=\"e-con-inner\">\n\t\t\t\t<div class=\"elementor-element elementor-element-31ab7057 elementor-widget elementor-widget-bixola_portfolio\" data-id=\"31ab7057\" data-element_type=\"widget\" data-e-type=\"widget\" data-widget_type=\"bixola_portfolio.default\">\n\t\t\t\t<div class=\"elementor-widget-container\">\n\t\t\t\t\t\r\n            \r\n                <div class=\"bixola-el-section portfolio-three__single\">\r\n                    <div class=\"portfolio-three__img-box\">\r\n                        <div class=\"portfolio-three__img\">\r\n                            <img decoding=\"async\" src=\"https:\/\/teste.inidea.pt\/wp-content\/uploads\/2025\/05\/Trifasica-monofasica.webp\" alt=\"\">\r\n                        <\/div>\r\n                    <\/div>\r\n                    <div class=\"portfolio-three__content\">\r\n                        <p class=\"portfolio-three__sub-title\">\r\n                            Ver Detalhes                        <\/p>\r\n                        <h3 class=\"portfolio-three__title\">\r\n                            <a href=\"https:\/\/teste.inidea.pt\/pt_pt\/trifasica-monofasica-2\/\" target=\"_self\" rel=\"nofollow\">\r\n                                Trif\u00e1sica\/Monof\u00e1sica                            <\/a>\r\n                        <\/h3>\r\n                    <\/div>\r\n                <\/div>\r\n\r\n            \r\n\t\t\t\t\t\t<\/div>\n\t\t\t\t<\/div>\n\t\t\t\t\t<\/div>\n\t\t\t\t<\/div>\n\t\t\t\t\t<\/div>\n\t\t\t\t<\/div>\n\t\t\t\t\t<\/div>\n\t\t\t\t<\/div>\n\t\t\t\t<\/div>\n\t\t","protected":false},"excerpt":{"rendered":"<p>Unidade de Alimenta\u00e7\u00e3o Ininterrupta UPS Modulares &#8211; MasterSystem Evolution \u2013 a UPS verdadeiramente modular e expans\u00edvel \u2026 Estando dispon\u00edvel nas vers\u00f5es mono-mono, tri-mono e tri-tri, de acordo com os diferentes tipos de entrada e sa\u00edda pretendidos, a gama MasterSystem Evolution cresce por m\u00f3dulos de pot\u00eancia e de baterias, permitindo a expans\u00e3o em termos de pot\u00eancia [&hellip;]<\/p>\n","protected":false},"author":1,"featured_media":0,"parent":0,"menu_order":0,"comment_status":"closed","ping_status":"closed","template":"","meta":{"footnotes":""},"class_list":["post-986","page","type-page","status-publish","hentry"],"_links":{"self":[{"href":"https:\/\/teste.inidea.pt\/pt_pt\/wp-json\/wp\/v2\/pages\/986","targetHints":{"allow":["GET"]}}],"collection":[{"href":"https:\/\/teste.inidea.pt\/pt_pt\/wp-json\/wp\/v2\/pages"}],"about":[{"href":"https:\/\/teste.inidea.pt\/pt_pt\/wp-json\/wp\/v2\/types\/page"}],"author":[{"embeddable":true,"href":"https:\/\/teste.inidea.pt\/pt_pt\/wp-json\/wp\/v2\/users\/1"}],"replies":[{"embeddable":true,"href":"https:\/\/teste.inidea.pt\/pt_pt\/wp-json\/wp\/v2\/comments?post=986"}],"version-history":[{"count":7,"href":"https:\/\/teste.inidea.pt\/pt_pt\/wp-json\/wp\/v2\/pages\/986\/revisions"}],"predecessor-version":[{"id":1198,"href":"https:\/\/teste.inidea.pt\/pt_pt\/wp-json\/wp\/v2\/pages\/986\/revisions\/1198"}],"wp:attachment":[{"href":"https:\/\/teste.inidea.pt\/pt_pt\/wp-json\/wp\/v2\/media?parent=986"}],"curies":[{"name":"wp","href":"https:\/\/api.w.org\/{rel}","templated":true}]}}